{"id":1355,"date":"2023-09-04T09:00:58","date_gmt":"2023-09-04T06:00:58","guid":{"rendered":"https:\/\/lostinmusic.fi\/?page_id=1355"},"modified":"2025-09-15T13:30:11","modified_gmt":"2025-09-15T10:30:11","slug":"vapaaehtoiseksi","status":"publish","type":"page","link":"https:\/\/lostinmusic.fi\/en\/vapaaehtoiseksi\/","title":{"rendered":"Volunteers 2025"},"content":{"rendered":"<div data-elementor-type=\"wp-page\" data-elementor-id=\"1355\" class=\"elementor elementor-1355\" data-elementor-post-type=\"page\">\n\t\t\t\t<div class=\"elementor-element elementor-element-4e798771 e-flex e-con-boxed e-con e-parent\" data-id=\"4e798771\" data-element_type=\"container\">\n\t\t\t\t\t<div class=\"e-con-inner\">\n\t\t\t\t<div class=\"elementor-element elementor-element-57fea613 elementor-widget elementor-widget-text-editor\" data-id=\"57fea613\" data-element_type=\"widget\" data-widget_type=\"text-editor.default\">\n\t\t\t\t<div class=\"elementor-widget-container\">\n\t\t\t<style>\/*! elementor - v3.23.0 - 05-08-2024 *\/\n.elementor-widget-text-editor.elementor-drop-cap-view-stacked .elementor-drop-cap{background-color:#69727d;color:#fff}.elementor-widget-text-editor.elementor-drop-cap-view-framed .elementor-drop-cap{color:#69727d;border:3px solid;background-color:transparent}.elementor-widget-text-editor:not(.elementor-drop-cap-view-default) .elementor-drop-cap{margin-top:8px}.elementor-widget-text-editor:not(.elementor-drop-cap-view-default) .elementor-drop-cap-letter{width:1em;height:1em}.elementor-widget-text-editor .elementor-drop-cap{float:left;text-align:center;line-height:1;font-size:50px}.elementor-widget-text-editor .elementor-drop-cap-letter{display:inline-block}<\/style>\t\t\t\t<h1>LOST IN MUSIC VOLUNTEER SEARCH FOR THE YEAR 2025 IS NOW OPEN<\/h1><p><strong>We are now looking for excited volunteers to join in various tasks for Lost In Music \u2013<\/strong><strong>festival!<\/strong><\/p><p>As a volunteer, you will become part of the event team and will have a great opportunity to learn about organizing an event, gain new experiences, and make valuable acquaintances. In our team, you\u2019ll be helping to make the festival a smooth, atmospheric, and unforgettable experience. Together, we\u2019ll handle tasks such as venue decoration, stage setup, wristband distribution, creating social media content, and photography.<\/p><p>The tasks are ideal for students in creative fields or those interested in the field. Most of the tasks do not require previous experience, the most important thing is a good attitude and an open mind!<\/p><p>Volunteer tasks will mainly take place during the festival days from Thursday to Friday, September 25\u201326, 2025, but there will also be some tasks outside of the event hours. As a volunteer, you will participate in at least one shift, but if you wish, you can work on both festival days. The length of the shifts varies from 5-8 hours depending on the task.\u00a0<\/p><p>Volunteers receive a Lost In Music festival wristband, which entitles them to entry to all festival events, provided that there is space at the venue upon arrival. We will arrange one meal for volunteers per shift.<\/p><p>The application is open until 10.9. at 4pm or when the tasks are filled. <strong>You need to be 18 in order to be a volunteer in Lost In Music.\u00a0<\/strong><\/p><h3>VAPAAEHTOISHAKU ON NYT SULKEUTUNUT!<\/h3><p>Kiitos paljon kaikille hakijoille. Lost In Music on yhteydess\u00e4 kaikkiin hakijoihin.<\/p><p>If you have any questions, feel free to ask us through email\u00a0<a href=\"mailto:info@lostinmusic.fi\">info@lostinmusic.fi<\/a>\u00a0or contact us through our social media.<\/p>\t\t\t\t\t\t<\/div>\n\t\t\t\t<\/div>\n\t\t\t\t\t<\/div>\n\t\t\t\t<\/div>\n\t\t<div class=\"elementor-element elementor-element-98f58ae e-flex e-con-boxed e-con e-parent\" data-id=\"98f58ae\" data-element_type=\"container\">\n\t\t\t\t\t<div class=\"e-con-inner\">\n\t\t\t\t<div class=\"elementor-element elementor-element-a01bf7e elementor-widget elementor-widget-image\" data-id=\"a01bf7e\" data-element_type=\"widget\" data-widget_type=\"image.default\">\n\t\t\t\t<div class=\"elementor-widget-container\">\n\t\t\t<style>\/*! elementor - v3.23.0 - 05-08-2024 *\/\n.elementor-widget-image{text-align:center}.elementor-widget-image a{display:inline-block}.elementor-widget-image a img[src$=\".svg\"]{width:48px}.elementor-widget-image img{vertical-align:middle;display:inline-block}<\/style>\t\t\t\t\t\t\t\t\t\t<img fetchpriority=\"high\" decoding=\"async\" width=\"800\" height=\"534\" src=\"https:\/\/lostinmusic.fi\/wp-content\/uploads\/2025\/06\/Eeva_miljoo19-1024x683.jpg\" class=\"attachment-large size-large wp-image-6056\" alt=\"\" srcset=\"https:\/\/lostinmusic.fi\/wp-content\/uploads\/2025\/06\/Eeva_miljoo19-1024x683.jpg 1024w, https:\/\/lostinmusic.fi\/wp-content\/uploads\/2025\/06\/Eeva_miljoo19-300x200.jpg 300w, https:\/\/lostinmusic.fi\/wp-content\/uploads\/2025\/06\/Eeva_miljoo19-768x512.jpg 768w, https:\/\/lostinmusic.fi\/wp-content\/uploads\/2025\/06\/Eeva_miljoo19-1536x1024.jpg 1536w, https:\/\/lostinmusic.fi\/wp-content\/uploads\/2025\/06\/Eeva_miljoo19-2048x1365.jpg 2048w, https:\/\/lostinmusic.fi\/wp-content\/uploads\/2025\/06\/Eeva_miljoo19-18x12.jpg 18w\" sizes=\"(max-width: 800px) 100vw, 800px\" \/>\t\t\t\t\t\t\t\t\t\t\t\t\t<\/div>\n\t\t\t\t<\/div>\n\t\t\t\t<div class=\"elementor-element elementor-element-ccb868a elementor-widget elementor-widget-image\" data-id=\"ccb868a\" data-element_type=\"widget\" data-widget_type=\"image.default\">\n\t\t\t\t<div class=\"elementor-widget-container\">\n\t\t\t\t\t\t\t\t\t\t\t\t\t<img decoding=\"async\" width=\"800\" height=\"534\" src=\"https:\/\/lostinmusic.fi\/wp-content\/uploads\/2025\/06\/Kopio-tiedostosta-LIM23_tullikamari_roosamariakauppila_001-1024x683.jpg\" class=\"attachment-large size-large wp-image-6426\" alt=\"\" srcset=\"https:\/\/lostinmusic.fi\/wp-content\/uploads\/2025\/06\/Kopio-tiedostosta-LIM23_tullikamari_roosamariakauppila_001-1024x683.jpg 1024w, https:\/\/lostinmusic.fi\/wp-content\/uploads\/2025\/06\/Kopio-tiedostosta-LIM23_tullikamari_roosamariakauppila_001-300x200.jpg 300w, https:\/\/lostinmusic.fi\/wp-content\/uploads\/2025\/06\/Kopio-tiedostosta-LIM23_tullikamari_roosamariakauppila_001-768x512.jpg 768w, https:\/\/lostinmusic.fi\/wp-content\/uploads\/2025\/06\/Kopio-tiedostosta-LIM23_tullikamari_roosamariakauppila_001-1536x1024.jpg 1536w, https:\/\/lostinmusic.fi\/wp-content\/uploads\/2025\/06\/Kopio-tiedostosta-LIM23_tullikamari_roosamariakauppila_001-2048x1365.jpg 2048w, https:\/\/lostinmusic.fi\/wp-content\/uploads\/2025\/06\/Kopio-tiedostosta-LIM23_tullikamari_roosamariakauppila_001-18x12.jpg 18w\" sizes=\"(max-width: 800px) 100vw, 800px\" \/>\t\t\t\t\t\t\t\t\t\t\t\t\t<\/div>\n\t\t\t\t<\/div>\n\t\t\t\t\t<\/div>\n\t\t\t\t<\/div>\n\t\t\t\t<\/div>","protected":false},"excerpt":{"rendered":"<p>LOST IN MUSICIN VAPAAEHTOISHAKU ON NYT AUKI VUODELLE 2025 Haemme nyt innokkaita tekij\u00f6it\u00e4 monenlaisiin vapaaehtoisteht\u00e4viin Lost In Music \u2013festivaaleille! Vapaaehtoisena p\u00e4\u00e4set osaksi tapahtumatiimi\u00e4 ja saat loistavan tilaisuuden p\u00e4\u00e4st\u00e4 tutustumaan tapahtuman j\u00e4rjest\u00e4miseen, hankkia uusia kokemuksia ja solmia arvokkaita tuttavuuksia. Tiimiss\u00e4mme olet tekem\u00e4ss\u00e4 festivaalista toimivan, tunnelmallisen ja unohtumattoman kokemuksen. Yhdess\u00e4 teemme esimerkiksi tapahtumapaikkojen somistamista, lavaroudausta, rannekkeenvaihtoa, somesis\u00e4lt\u00f6jen [&hellip;]<\/p>","protected":false},"author":9,"featured_media":2899,"parent":0,"menu_order":0,"comment_status":"closed","ping_status":"closed","template":"","meta":{"_acf_changed":false,"footnotes":""},"class_list":["post-1355","page","type-page","status-publish","has-post-thumbnail","hentry"],"acf":[],"yoast_head":"<!-- This site is optimized with the Yoast SEO plugin v23.2 - https:\/\/yoast.com\/wordpress\/plugins\/seo\/ -->\n<title>Vapaaehtoiseksi - Lost In Music 2025<\/title>\n<meta name=\"description\" content=\"Haemme nyt innokkaita tekij\u00f6it\u00e4 monenlaisiin vapaaehtoisteht\u00e4viin Lost In Music \u2013festivaaleille! Lue lis\u00e4\u00e4 ja hae mukaan.\" \/>\n<meta name=\"robots\" content=\"index, follow, max-snippet:-1, max-image-preview:large, max-video-preview:-1\" \/>\n<link rel=\"canonical\" href=\"https:\/\/lostinmusic.fi\/en\/vapaaehtoiseksi\/\" \/>\n<meta property=\"og:locale\" content=\"en_GB\" \/>\n<meta property=\"og:type\" content=\"article\" \/>\n<meta property=\"og:title\" content=\"Vapaaehtoiseksi - Lost In Music 2025\" \/>\n<meta property=\"og:description\" content=\"Haemme nyt innokkaita tekij\u00f6it\u00e4 monenlaisiin vapaaehtoisteht\u00e4viin Lost In Music \u2013festivaaleille! Lue lis\u00e4\u00e4 ja hae mukaan.\" \/>\n<meta property=\"og:url\" content=\"https:\/\/lostinmusic.fi\/en\/vapaaehtoiseksi\/\" \/>\n<meta property=\"og:site_name\" content=\"Lost In Music - Festivaali\" \/>\n<meta property=\"article:modified_time\" content=\"2025-09-15T10:30:11+00:00\" \/>\n<meta property=\"og:image\" content=\"https:\/\/lostinmusic.fi\/wp-content\/uploads\/2023\/09\/lostinmusicstockia-5-scaled.jpg\" \/>\n\t<meta property=\"og:image:width\" content=\"2560\" \/>\n\t<meta property=\"og:image:height\" content=\"1707\" \/>\n\t<meta property=\"og:image:type\" content=\"image\/jpeg\" \/>\n<meta name=\"twitter:card\" content=\"summary_large_image\" \/>\n<meta name=\"twitter:label1\" content=\"Estimated reading time\" \/>\n\t<meta name=\"twitter:data1\" content=\"2 minutes\" \/>\n<script type=\"application\/ld+json\" class=\"yoast-schema-graph\">{\"@context\":\"https:\/\/schema.org\",\"@graph\":[{\"@type\":\"WebPage\",\"@id\":\"https:\/\/lostinmusic.fi\/vapaaehtoiseksi\/\",\"url\":\"https:\/\/lostinmusic.fi\/vapaaehtoiseksi\/\",\"name\":\"Vapaaehtoiseksi - Lost In Music 2025\",\"isPartOf\":{\"@id\":\"https:\/\/lostinmusic.fi\/#website\"},\"primaryImageOfPage\":{\"@id\":\"https:\/\/lostinmusic.fi\/vapaaehtoiseksi\/#primaryimage\"},\"image\":{\"@id\":\"https:\/\/lostinmusic.fi\/vapaaehtoiseksi\/#primaryimage\"},\"thumbnailUrl\":\"https:\/\/lostinmusic.fi\/wp-content\/uploads\/2023\/09\/lostinmusicstockia-5-scaled.jpg\",\"datePublished\":\"2023-09-04T06:00:58+00:00\",\"dateModified\":\"2025-09-15T10:30:11+00:00\",\"description\":\"Haemme nyt innokkaita tekij\u00f6it\u00e4 monenlaisiin vapaaehtoisteht\u00e4viin Lost In Music \u2013festivaaleille! Lue lis\u00e4\u00e4 ja hae mukaan.\",\"breadcrumb\":{\"@id\":\"https:\/\/lostinmusic.fi\/vapaaehtoiseksi\/#breadcrumb\"},\"inLanguage\":\"en-GB\",\"potentialAction\":[{\"@type\":\"ReadAction\",\"target\":[\"https:\/\/lostinmusic.fi\/vapaaehtoiseksi\/\"]}]},{\"@type\":\"ImageObject\",\"inLanguage\":\"en-GB\",\"@id\":\"https:\/\/lostinmusic.fi\/vapaaehtoiseksi\/#primaryimage\",\"url\":\"https:\/\/lostinmusic.fi\/wp-content\/uploads\/2023\/09\/lostinmusicstockia-5-scaled.jpg\",\"contentUrl\":\"https:\/\/lostinmusic.fi\/wp-content\/uploads\/2023\/09\/lostinmusicstockia-5-scaled.jpg\",\"width\":2560,\"height\":1707,\"caption\":\"Kuva: Miikka Varila \/ Lost in Music 2022\"},{\"@type\":\"BreadcrumbList\",\"@id\":\"https:\/\/lostinmusic.fi\/vapaaehtoiseksi\/#breadcrumb\",\"itemListElement\":[{\"@type\":\"ListItem\",\"position\":1,\"name\":\"Home\",\"item\":\"https:\/\/lostinmusic.fi\/\"},{\"@type\":\"ListItem\",\"position\":2,\"name\":\"Vapaaehtoiseksi 2025\"}]},{\"@type\":\"WebSite\",\"@id\":\"https:\/\/lostinmusic.fi\/#website\",\"url\":\"https:\/\/lostinmusic.fi\/\",\"name\":\"Lost In Music - Festivaali\",\"description\":\"Suomen suurin showcase-festivaali Tampereella 25.-26.9.2025.\",\"potentialAction\":[{\"@type\":\"SearchAction\",\"target\":{\"@type\":\"EntryPoint\",\"urlTemplate\":\"https:\/\/lostinmusic.fi\/?s={search_term_string}\"},\"query-input\":\"required name=search_term_string\"}],\"inLanguage\":\"en-GB\"}]}<\/script>\n<!-- \/ Yoast SEO plugin. -->","yoast_head_json":{"title":"Vapaaehtoiseksi - Lost In Music 2025","description":"Haemme nyt innokkaita tekij\u00f6it\u00e4 monenlaisiin vapaaehtoisteht\u00e4viin Lost In Music \u2013festivaaleille! Lue lis\u00e4\u00e4 ja hae mukaan.","robots":{"index":"index","follow":"follow","max-snippet":"max-snippet:-1","max-image-preview":"max-image-preview:large","max-video-preview":"max-video-preview:-1"},"canonical":"https:\/\/lostinmusic.fi\/en\/vapaaehtoiseksi\/","og_locale":"en_GB","og_type":"article","og_title":"Vapaaehtoiseksi - Lost In Music 2025","og_description":"Haemme nyt innokkaita tekij\u00f6it\u00e4 monenlaisiin vapaaehtoisteht\u00e4viin Lost In Music \u2013festivaaleille! Lue lis\u00e4\u00e4 ja hae mukaan.","og_url":"https:\/\/lostinmusic.fi\/en\/vapaaehtoiseksi\/","og_site_name":"Lost In Music - Festivaali","article_modified_time":"2025-09-15T10:30:11+00:00","og_image":[{"width":2560,"height":1707,"url":"https:\/\/lostinmusic.fi\/wp-content\/uploads\/2023\/09\/lostinmusicstockia-5-scaled.jpg","type":"image\/jpeg"}],"twitter_card":"summary_large_image","twitter_misc":{"Estimated reading time":"2 minutes"},"schema":{"@context":"https:\/\/schema.org","@graph":[{"@type":"WebPage","@id":"https:\/\/lostinmusic.fi\/vapaaehtoiseksi\/","url":"https:\/\/lostinmusic.fi\/vapaaehtoiseksi\/","name":"Vapaaehtoiseksi - Lost In Music 2025","isPartOf":{"@id":"https:\/\/lostinmusic.fi\/#website"},"primaryImageOfPage":{"@id":"https:\/\/lostinmusic.fi\/vapaaehtoiseksi\/#primaryimage"},"image":{"@id":"https:\/\/lostinmusic.fi\/vapaaehtoiseksi\/#primaryimage"},"thumbnailUrl":"https:\/\/lostinmusic.fi\/wp-content\/uploads\/2023\/09\/lostinmusicstockia-5-scaled.jpg","datePublished":"2023-09-04T06:00:58+00:00","dateModified":"2025-09-15T10:30:11+00:00","description":"Haemme nyt innokkaita tekij\u00f6it\u00e4 monenlaisiin vapaaehtoisteht\u00e4viin Lost In Music \u2013festivaaleille! Lue lis\u00e4\u00e4 ja hae mukaan.","breadcrumb":{"@id":"https:\/\/lostinmusic.fi\/vapaaehtoiseksi\/#breadcrumb"},"inLanguage":"en-GB","potentialAction":[{"@type":"ReadAction","target":["https:\/\/lostinmusic.fi\/vapaaehtoiseksi\/"]}]},{"@type":"ImageObject","inLanguage":"en-GB","@id":"https:\/\/lostinmusic.fi\/vapaaehtoiseksi\/#primaryimage","url":"https:\/\/lostinmusic.fi\/wp-content\/uploads\/2023\/09\/lostinmusicstockia-5-scaled.jpg","contentUrl":"https:\/\/lostinmusic.fi\/wp-content\/uploads\/2023\/09\/lostinmusicstockia-5-scaled.jpg","width":2560,"height":1707,"caption":"Kuva: Miikka Varila \/ Lost in Music 2022"},{"@type":"BreadcrumbList","@id":"https:\/\/lostinmusic.fi\/vapaaehtoiseksi\/#breadcrumb","itemListElement":[{"@type":"ListItem","position":1,"name":"Home","item":"https:\/\/lostinmusic.fi\/"},{"@type":"ListItem","position":2,"name":"Vapaaehtoiseksi 2025"}]},{"@type":"WebSite","@id":"https:\/\/lostinmusic.fi\/#website","url":"https:\/\/lostinmusic.fi\/","name":"Lost In Music - Festivaali","description":"Suomen suurin showcase-festivaali Tampereella 25.-26.9.2025.","potentialAction":[{"@type":"SearchAction","target":{"@type":"EntryPoint","urlTemplate":"https:\/\/lostinmusic.fi\/?s={search_term_string}"},"query-input":"required name=search_term_string"}],"inLanguage":"en-GB"}]}},"_links":{"self":[{"href":"https:\/\/lostinmusic.fi\/en\/wp-json\/wp\/v2\/pages\/1355"}],"collection":[{"href":"https:\/\/lostinmusic.fi\/en\/wp-json\/wp\/v2\/pages"}],"about":[{"href":"https:\/\/lostinmusic.fi\/en\/wp-json\/wp\/v2\/types\/page"}],"author":[{"embeddable":true,"href":"https:\/\/lostinmusic.fi\/en\/wp-json\/wp\/v2\/users\/9"}],"replies":[{"embeddable":true,"href":"https:\/\/lostinmusic.fi\/en\/wp-json\/wp\/v2\/comments?post=1355"}],"version-history":[{"count":31,"href":"https:\/\/lostinmusic.fi\/en\/wp-json\/wp\/v2\/pages\/1355\/revisions"}],"predecessor-version":[{"id":7073,"href":"https:\/\/lostinmusic.fi\/en\/wp-json\/wp\/v2\/pages\/1355\/revisions\/7073"}],"wp:featuredmedia":[{"embeddable":true,"href":"https:\/\/lostinmusic.fi\/en\/wp-json\/wp\/v2\/media\/2899"}],"wp:attachment":[{"href":"https:\/\/lostinmusic.fi\/en\/wp-json\/wp\/v2\/media?parent=1355"}],"curies":[{"name":"wp","href":"https:\/\/api.w.org\/{rel}","templated":true}]}}