{"id":259,"date":"2019-05-02T13:20:20","date_gmt":"2019-05-02T10:20:20","guid":{"rendered":"https:\/\/limliveenv.wpengine.com\/?page_id=259"},"modified":"2026-03-09T08:51:42","modified_gmt":"2026-03-09T06:51:42","slug":"liput","status":"publish","type":"page","link":"https:\/\/lostinmusic.fi\/en\/liput\/","title":{"rendered":"Liput 2025"},"content":{"rendered":"<div data-elementor-type=\"wp-page\" data-elementor-id=\"259\" class=\"elementor elementor-259\" data-elementor-post-type=\"page\">\n\t\t\t\t<div class=\"elementor-element elementor-element-2f50fdf e-flex e-con-boxed e-con e-parent\" data-id=\"2f50fdf\" data-element_type=\"container\" data-settings=\"{&quot;background_background&quot;:&quot;classic&quot;}\">\n\t\t\t\t\t<div class=\"e-con-inner\">\n\t\t<div class=\"elementor-element elementor-element-bc17ab0 e-con-full e-flex e-con e-child\" data-id=\"bc17ab0\" data-element_type=\"container\">\n\t\t\t\t<div class=\"elementor-element elementor-element-aa82d16 elementor-widget elementor-widget-heading\" data-id=\"aa82d16\" data-element_type=\"widget\" data-widget_type=\"heading.default\">\n\t\t\t\t<div class=\"elementor-widget-container\">\n\t\t\t<style>\/*! elementor - v3.23.0 - 05-08-2024 *\/\n.elementor-heading-title{padding:0;margin:0;line-height:1}.elementor-widget-heading .elementor-heading-title[class*=elementor-size-]>a{color:inherit;font-size:inherit;line-height:inherit}.elementor-widget-heading .elementor-heading-title.elementor-size-small{font-size:15px}.elementor-widget-heading .elementor-heading-title.elementor-size-medium{font-size:19px}.elementor-widget-heading .elementor-heading-title.elementor-size-large{font-size:29px}.elementor-widget-heading .elementor-heading-title.elementor-size-xl{font-size:39px}.elementor-widget-heading .elementor-heading-title.elementor-size-xxl{font-size:59px}<\/style><h1 class=\"elementor-heading-title elementor-size-default\">Tickets<\/h1>\t\t<\/div>\n\t\t\t\t<\/div>\n\t\t\t\t<\/div>\n\t\t\t\t<div class=\"elementor-element elementor-element-6828085 elementor-widget elementor-widget-text-editor\" data-id=\"6828085\" data-element_type=\"widget\" data-widget_type=\"text-editor.default\">\n\t\t\t\t<div class=\"elementor-widget-container\">\n\t\t\t<style>\/*! elementor - v3.23.0 - 05-08-2024 *\/\n.elementor-widget-text-editor.elementor-drop-cap-view-stacked .elementor-drop-cap{background-color:#69727d;color:#fff}.elementor-widget-text-editor.elementor-drop-cap-view-framed .elementor-drop-cap{color:#69727d;border:3px solid;background-color:transparent}.elementor-widget-text-editor:not(.elementor-drop-cap-view-default) .elementor-drop-cap{margin-top:8px}.elementor-widget-text-editor:not(.elementor-drop-cap-view-default) .elementor-drop-cap-letter{width:1em;height:1em}.elementor-widget-text-editor .elementor-drop-cap{float:left;text-align:center;line-height:1;font-size:50px}.elementor-widget-text-editor .elementor-drop-cap-letter{display:inline-block}<\/style>\t\t\t\t<h3>Lost In Music -festivaali saapuu Tampereelle j\u00e4lleen 1.\u20132.10.2026!<\/h3><p>Festivaalien ensimm\u00e4iset artistit on nyt julkaistu. Samalla myyntiin on avattu 2 p\u00e4iv\u00e4n festivaalirannekkeet edulliseen Early Bird -hintaan.<\/p><p><span style=\"color: #000000;\">Festarirannekkeella p\u00e4\u00e4set kaikille Lost In Music -keikoille, joihin rannekkeen voimassaolop\u00e4iv\u00e4 oikeuttaa. My\u00f6s yksitt\u00e4islippuja myyd\u00e4\u00e4n p\u00e4iv\u00e4kohtaisesti kaikille Lost In Music -keikoille l\u00e4hemp\u00e4n\u00e4 tapahtumaa. Osa keikoista on p\u00e4\u00e4symaksuttomia. Ilmoitamme kanavissamme, kun muut kuin kahden p\u00e4iv\u00e4n rannekkeet tulevat myyntiin.<\/span><\/p><p><span style=\"color: #000000;\">Hanki edulliset Early Bird -rannekkeet nyt ja kutsu my\u00f6s yst\u00e4v\u00e4si viett\u00e4m\u00e4\u00e4n syksyn ihaninta festaria!<\/span><\/p><p>\u2013<\/p><p><i data-stringify-type=\"italic\">The price includes 14% VAT and a service fee. An order and delivery fee will be added at checkout.<\/i><\/p>\t\t\t\t\t\t<\/div>\n\t\t\t\t<\/div>\n\t\t<div class=\"elementor-element elementor-element-d6ee201 e-grid e-con-full e-con e-child\" data-id=\"d6ee201\" data-element_type=\"container\">\n\t\t\t\t<div class=\"elementor-element elementor-element-f03bdd5 elementor-cta--skin-classic elementor-animated-content elementor-widget elementor-widget-call-to-action\" data-id=\"f03bdd5\" data-element_type=\"widget\" data-widget_type=\"call-to-action.default\">\n\t\t\t\t<div class=\"elementor-widget-container\">\n\t\t\t<link rel=\"stylesheet\" href=\"https:\/\/lostinmusic.fi\/wp-content\/plugins\/elementor-pro\/assets\/css\/widget-call-to-action.min.css?ver=1723728296\">\t\t<div class=\"elementor-cta\">\n\t\t\t\t\t\t\t<div class=\"elementor-cta__content\">\n\t\t\t\t\n\t\t\t\t\t\t\t\t\t<h2 class=\"elementor-cta__title elementor-cta__content-item elementor-content-item\">\n\t\t\t\t\t\tEARLY BIRD LOST IN MUSIC -ranneke \/ 2 p\u00e4iv\u00e4\u00e4<br><br>49\u20ac\t\t\t\t\t<\/h2>\n\t\t\t\t\n\t\t\t\t\t\t\t\t\t<div class=\"elementor-cta__description elementor-cta__content-item elementor-content-item\">\n\t\t\t\t\t\t<br>Kahden p\u00e4iv\u00e4n rannekkeella p\u00e4\u00e4set kaikille Lost In Music -keikoille 1.\u20132.10.2026. <span style=\"-webkit-text-stroke-color: rgb(0, 0, 0);\">K18<\/span><br>\t\t\t\t\t<\/div>\n\t\t\t\t\n\t\t\t\t\t\t\t\t\t<div class=\"elementor-cta__button-wrapper elementor-cta__content-item elementor-content-item\">\n\t\t\t\t\t<a class=\"elementor-cta__button elementor-button elementor-size-\" href=\"https:\/\/www.tiketti.fi\/tapahtuma\/116437\">\n\t\t\t\t\t\tBUY TICKETS HERE\t\t\t\t\t<\/a>\n\t\t\t\t\t<\/div>\n\t\t\t\t\t\t\t<\/div>\n\t\t\t\t\t\t<\/div>\n\t\t\t\t<\/div>\n\t\t\t\t<\/div>\n\t\t\t\t<\/div>\n\t\t<div class=\"elementor-element elementor-element-89fd525 e-con-full e-flex e-con e-child\" data-id=\"89fd525\" data-element_type=\"container\">\n\t\t\t\t<\/div>\n\t\t\t\t\t<\/div>\n\t\t\t\t<\/div>\n\t\t\t\t<\/div>","protected":false},"excerpt":{"rendered":"<p>Liput Lost In Music -festivaali saapuu Tampereelle j\u00e4lleen 1.\u20132.10.2026! Festivaalien ensimm\u00e4iset artistit on nyt julkaistu. Samalla myyntiin on avattu 2 p\u00e4iv\u00e4n festivaalirannekkeet edulliseen Early Bird -hintaan. Festarirannekkeella p\u00e4\u00e4set kaikille Lost In Music -keikoille, joihin rannekkeen voimassaolop\u00e4iv\u00e4 oikeuttaa. My\u00f6s yksitt\u00e4islippuja myyd\u00e4\u00e4n p\u00e4iv\u00e4kohtaisesti kaikille Lost In Music -keikoille l\u00e4hemp\u00e4n\u00e4 tapahtumaa. Osa keikoista on p\u00e4\u00e4symaksuttomia. Ilmoitamme kanavissamme, kun [&hellip;]<\/p>","protected":false},"author":2,"featured_media":0,"parent":0,"menu_order":0,"comment_status":"closed","ping_status":"closed","template":"","meta":{"_acf_changed":false,"footnotes":""},"class_list":["post-259","page","type-page","status-publish","hentry"],"acf":[],"yoast_head":"<!-- This site is optimized with the Yoast SEO plugin v23.2 - https:\/\/yoast.com\/wordpress\/plugins\/seo\/ -->\n<title>Liput - Lost In Music 25.-26.9.2025<\/title>\n<meta name=\"description\" content=\"T\u00e4n\u00e4 vuonna lavoille astelee muun muassa Edicti, Asla Jo, Goldielocks sek\u00e4 ANI. Tule mukaan ja yll\u00e4ty \u2013 hanki liput nyt.\" \/>\n<meta name=\"robots\" content=\"index, follow, max-snippet:-1, max-image-preview:large, max-video-preview:-1\" \/>\n<link rel=\"canonical\" href=\"https:\/\/lostinmusic.fi\/en\/liput\/\" \/>\n<meta property=\"og:locale\" content=\"en_GB\" \/>\n<meta property=\"og:type\" content=\"article\" \/>\n<meta property=\"og:title\" content=\"Liput - Lost In Music 25.-26.9.2025\" \/>\n<meta property=\"og:description\" content=\"T\u00e4n\u00e4 vuonna lavoille astelee muun muassa Edicti, Asla Jo, Goldielocks sek\u00e4 ANI. Tule mukaan ja yll\u00e4ty \u2013 hanki liput nyt.\" \/>\n<meta property=\"og:url\" content=\"https:\/\/lostinmusic.fi\/en\/liput\/\" \/>\n<meta property=\"og:site_name\" content=\"Lost In Music - Festivaali\" \/>\n<meta property=\"article:modified_time\" content=\"2026-03-09T06:51:42+00:00\" \/>\n<meta property=\"og:image\" content=\"https:\/\/lostinmusic.fi\/wp-content\/uploads\/2019\/05\/LIM-IG-0305-1.png\" \/>\n\t<meta property=\"og:image:width\" content=\"1080\" \/>\n\t<meta property=\"og:image:height\" content=\"1080\" \/>\n\t<meta property=\"og:image:type\" content=\"image\/png\" \/>\n<meta name=\"twitter:card\" content=\"summary_large_image\" \/>\n<meta name=\"twitter:label1\" content=\"Estimated reading time\" \/>\n\t<meta name=\"twitter:data1\" content=\"1 minute\" \/>\n<script type=\"application\/ld+json\" class=\"yoast-schema-graph\">{\"@context\":\"https:\/\/schema.org\",\"@graph\":[{\"@type\":\"WebPage\",\"@id\":\"https:\/\/lostinmusic.fi\/liput\/\",\"url\":\"https:\/\/lostinmusic.fi\/liput\/\",\"name\":\"Liput - Lost In Music 25.-26.9.2025\",\"isPartOf\":{\"@id\":\"https:\/\/lostinmusic.fi\/#website\"},\"datePublished\":\"2019-05-02T10:20:20+00:00\",\"dateModified\":\"2026-03-09T06:51:42+00:00\",\"description\":\"T\u00e4n\u00e4 vuonna lavoille astelee muun muassa Edicti, Asla Jo, Goldielocks sek\u00e4 ANI. Tule mukaan ja yll\u00e4ty \u2013 hanki liput nyt.\",\"breadcrumb\":{\"@id\":\"https:\/\/lostinmusic.fi\/liput\/#breadcrumb\"},\"inLanguage\":\"en-GB\",\"potentialAction\":[{\"@type\":\"ReadAction\",\"target\":[\"https:\/\/lostinmusic.fi\/liput\/\"]}]},{\"@type\":\"BreadcrumbList\",\"@id\":\"https:\/\/lostinmusic.fi\/liput\/#breadcrumb\",\"itemListElement\":[{\"@type\":\"ListItem\",\"position\":1,\"name\":\"Home\",\"item\":\"https:\/\/lostinmusic.fi\/\"},{\"@type\":\"ListItem\",\"position\":2,\"name\":\"Liput 2025\"}]},{\"@type\":\"WebSite\",\"@id\":\"https:\/\/lostinmusic.fi\/#website\",\"url\":\"https:\/\/lostinmusic.fi\/\",\"name\":\"Lost In Music - Festivaali\",\"description\":\"Suomen suurin showcase-festivaali Tampereella 25.-26.9.2025.\",\"potentialAction\":[{\"@type\":\"SearchAction\",\"target\":{\"@type\":\"EntryPoint\",\"urlTemplate\":\"https:\/\/lostinmusic.fi\/?s={search_term_string}\"},\"query-input\":\"required name=search_term_string\"}],\"inLanguage\":\"en-GB\"}]}<\/script>\n<!-- \/ Yoast SEO plugin. -->","yoast_head_json":{"title":"Liput - Lost In Music 25.-26.9.2025","description":"T\u00e4n\u00e4 vuonna lavoille astelee muun muassa Edicti, Asla Jo, Goldielocks sek\u00e4 ANI. Tule mukaan ja yll\u00e4ty \u2013 hanki liput nyt.","robots":{"index":"index","follow":"follow","max-snippet":"max-snippet:-1","max-image-preview":"max-image-preview:large","max-video-preview":"max-video-preview:-1"},"canonical":"https:\/\/lostinmusic.fi\/en\/liput\/","og_locale":"en_GB","og_type":"article","og_title":"Liput - Lost In Music 25.-26.9.2025","og_description":"T\u00e4n\u00e4 vuonna lavoille astelee muun muassa Edicti, Asla Jo, Goldielocks sek\u00e4 ANI. Tule mukaan ja yll\u00e4ty \u2013 hanki liput nyt.","og_url":"https:\/\/lostinmusic.fi\/en\/liput\/","og_site_name":"Lost In Music - Festivaali","article_modified_time":"2026-03-09T06:51:42+00:00","og_image":[{"width":1080,"height":1080,"url":"https:\/\/lostinmusic.fi\/wp-content\/uploads\/2019\/05\/LIM-IG-0305-1.png","type":"image\/png"}],"twitter_card":"summary_large_image","twitter_misc":{"Estimated reading time":"1 minute"},"schema":{"@context":"https:\/\/schema.org","@graph":[{"@type":"WebPage","@id":"https:\/\/lostinmusic.fi\/liput\/","url":"https:\/\/lostinmusic.fi\/liput\/","name":"Liput - Lost In Music 25.-26.9.2025","isPartOf":{"@id":"https:\/\/lostinmusic.fi\/#website"},"datePublished":"2019-05-02T10:20:20+00:00","dateModified":"2026-03-09T06:51:42+00:00","description":"T\u00e4n\u00e4 vuonna lavoille astelee muun muassa Edicti, Asla Jo, Goldielocks sek\u00e4 ANI. Tule mukaan ja yll\u00e4ty \u2013 hanki liput nyt.","breadcrumb":{"@id":"https:\/\/lostinmusic.fi\/liput\/#breadcrumb"},"inLanguage":"en-GB","potentialAction":[{"@type":"ReadAction","target":["https:\/\/lostinmusic.fi\/liput\/"]}]},{"@type":"BreadcrumbList","@id":"https:\/\/lostinmusic.fi\/liput\/#breadcrumb","itemListElement":[{"@type":"ListItem","position":1,"name":"Home","item":"https:\/\/lostinmusic.fi\/"},{"@type":"ListItem","position":2,"name":"Liput 2025"}]},{"@type":"WebSite","@id":"https:\/\/lostinmusic.fi\/#website","url":"https:\/\/lostinmusic.fi\/","name":"Lost In Music - Festivaali","description":"Suomen suurin showcase-festivaali Tampereella 25.-26.9.2025.","potentialAction":[{"@type":"SearchAction","target":{"@type":"EntryPoint","urlTemplate":"https:\/\/lostinmusic.fi\/?s={search_term_string}"},"query-input":"required name=search_term_string"}],"inLanguage":"en-GB"}]}},"_links":{"self":[{"href":"https:\/\/lostinmusic.fi\/en\/wp-json\/wp\/v2\/pages\/259"}],"collection":[{"href":"https:\/\/lostinmusic.fi\/en\/wp-json\/wp\/v2\/pages"}],"about":[{"href":"https:\/\/lostinmusic.fi\/en\/wp-json\/wp\/v2\/types\/page"}],"author":[{"embeddable":true,"href":"https:\/\/lostinmusic.fi\/en\/wp-json\/wp\/v2\/users\/2"}],"replies":[{"embeddable":true,"href":"https:\/\/lostinmusic.fi\/en\/wp-json\/wp\/v2\/comments?post=259"}],"version-history":[{"count":163,"href":"https:\/\/lostinmusic.fi\/en\/wp-json\/wp\/v2\/pages\/259\/revisions"}],"predecessor-version":[{"id":7414,"href":"https:\/\/lostinmusic.fi\/en\/wp-json\/wp\/v2\/pages\/259\/revisions\/7414"}],"wp:attachment":[{"href":"https:\/\/lostinmusic.fi\/en\/wp-json\/wp\/v2\/media?parent=259"}],"curies":[{"name":"wp","href":"https:\/\/api.w.org\/{rel}","templated":true}]}}