{"id":3807,"date":"2024-05-14T16:03:01","date_gmt":"2024-05-14T13:03:01","guid":{"rendered":"https:\/\/lostinmusic.fi\/?page_id=3807"},"modified":"2026-03-06T18:53:52","modified_gmt":"2026-03-06T16:53:52","slug":"info","status":"publish","type":"page","link":"https:\/\/lostinmusic.fi\/en\/info\/","title":{"rendered":"Info 2026"},"content":{"rendered":"<div data-elementor-type=\"wp-page\" data-elementor-id=\"3807\" class=\"elementor elementor-3807\" data-elementor-post-type=\"page\">\n\t\t\t\t<div class=\"elementor-element elementor-element-5197ce2 e-flex e-con-boxed e-con e-parent\" data-id=\"5197ce2\" data-element_type=\"container\">\n\t\t\t\t\t<div class=\"e-con-inner\">\n\t\t\t\t<div class=\"elementor-element elementor-element-9f5c10a elementor-widget elementor-widget-heading\" data-id=\"9f5c10a\" data-element_type=\"widget\" data-widget_type=\"heading.default\">\n\t\t\t\t<div class=\"elementor-widget-container\">\n\t\t\t<style>\/*! elementor - v3.23.0 - 05-08-2024 *\/\n.elementor-heading-title{padding:0;margin:0;line-height:1}.elementor-widget-heading .elementor-heading-title[class*=elementor-size-]>a{color:inherit;font-size:inherit;line-height:inherit}.elementor-widget-heading .elementor-heading-title.elementor-size-small{font-size:15px}.elementor-widget-heading .elementor-heading-title.elementor-size-medium{font-size:19px}.elementor-widget-heading .elementor-heading-title.elementor-size-large{font-size:29px}.elementor-widget-heading .elementor-heading-title.elementor-size-xl{font-size:39px}.elementor-widget-heading .elementor-heading-title.elementor-size-xxl{font-size:59px}<\/style><h1 class=\"elementor-heading-title elementor-size-default\">Info<\/h1>\t\t<\/div>\n\t\t\t\t<\/div>\n\t\t\t\t\t<\/div>\n\t\t\t\t<\/div>\n\t\t<div class=\"elementor-element elementor-element-05ddfc1 e-flex e-con-boxed e-con e-parent\" data-id=\"05ddfc1\" data-element_type=\"container\" data-settings=\"{&quot;background_background&quot;:&quot;classic&quot;}\">\n\t\t\t\t\t<div class=\"e-con-inner\">\n\t\t\t\t<div class=\"elementor-element elementor-element-dccb1aa elementor-widget elementor-widget-text-editor\" data-id=\"dccb1aa\" data-element_type=\"widget\" data-widget_type=\"text-editor.default\">\n\t\t\t\t<div class=\"elementor-widget-container\">\n\t\t\t<style>\/*! elementor - v3.23.0 - 05-08-2024 *\/\n.elementor-widget-text-editor.elementor-drop-cap-view-stacked .elementor-drop-cap{background-color:#69727d;color:#fff}.elementor-widget-text-editor.elementor-drop-cap-view-framed .elementor-drop-cap{color:#69727d;border:3px solid;background-color:transparent}.elementor-widget-text-editor:not(.elementor-drop-cap-view-default) .elementor-drop-cap{margin-top:8px}.elementor-widget-text-editor:not(.elementor-drop-cap-view-default) .elementor-drop-cap-letter{width:1em;height:1em}.elementor-widget-text-editor .elementor-drop-cap{float:left;text-align:center;line-height:1;font-size:50px}.elementor-widget-text-editor .elementor-drop-cap-letter{display:inline-block}<\/style>\t\t\t\t<h3>LOST IN MUSIC 1.-2.10.2026<\/h3>\n<p><span style=\"font-size: 16px;\">Kaupunkifestivaali tuo kahden p\u00e4iv\u00e4n aikana ajankohtaisimmat <\/span>artists<span style=\"font-size: 16px;\"> and <\/span>bands<span style=\"font-size: 16px;\"> to the hottest clubs and venues in Tampere.&nbsp;<\/span><\/p>\n<p>Lost In Music -kaupunkifestivaalia on j\u00e4rjestetty vuodesta 2007 saakka. Aikaisempina vuosina festivaaleilla on esiintynyt muun muassa supersuosion saavuttanut Kuumaa, Emma-palkintoja saanut Mirella sek\u00e4 <i>Norjalaista<\/i> <i>puuta,<\/i> -kappaleestaan tunnettu Jaakko Kulta. Vuonna 2025 lavoille asteli muun muassa <b>Edicti, Asla Jo, Goldielocks and ANI.<\/b>.<\/p>\n<p class=\"translation-block\">Lost In Music is a showcase festival for emerging artists of the <a href=\"http:\/\/musicmedia.fi\" target=\"_self\"> Music x Media<\/a> event, which brings together the music, entertainment and event fields.<\/p>\n<h3>TICKETS<\/h3>\n<p>Pysy kuulolla, niin kuulet ensimm\u00e4isen\u00e4 vuoden 2026 Lost In Musicin lipunmyynnist\u00e4.<\/p>\n<h3>PROGRAM<\/h3>\n<div class=\"page-content\">\n<div>Pysy kuulolla, niin kuulet ensimm\u00e4isen\u00e4 vuoden 2026 Lost In Musicin ohjelmasta.<\/div>\n<\/div>\n<h3>SAAPUMINEN, LIIKKUMINEN JA MAJOITUS<\/h3>\n<p>Lost In Music's venues are located in the center of Tampere, within walking distance of both the railway and bus stations. If necessary, movement between event venues is speeded up by trams, buses, city bikes and electric scooters. More information about arriving with different means of transport and, for example, parking, can be found at&nbsp;<a href=\"https:\/\/visittampere.fi\/saapuminen\/\">Visit Tampere's website<\/a>.<\/p>\n<p>Kaupungin monipuolisista majoitusvaihtoehdoista l\u00f6ytyy kattavasti tietoa&nbsp;<a href=\"https:\/\/visittampere.fi\/majoitus\/\">Visit Tampere's website<\/a>.<\/p>\n<p>Huomioithan Tampereella kulkiessasi raitiovaunuteiden remontista sek\u00e4 rautatieaseman korjaust\u00f6ist\u00e4 aiheutuvat muuttuvat liikennej\u00e4rjestelyt. Tarkistathan ajankohtaiset tiedot julkisen liikenteen poikkeustilanteista osoitteessa <a href=\"https:\/\/www.nysse.fi\/poikkeustilanteet.html\">https:\/\/www.nysse.fi\/poikkeustilanteet.html<\/a><\/p>\n<p>Lis\u00e4tietoja liikenteen muutoksista l\u00f6yd\u00e4t liikennetiedotteista osoitteessa&nbsp;<a href=\"https:\/\/www.nysse.fi\/ajankohtaista\/liikennetiedotteet.html\">https:\/\/www.nysse.fi\/ajankohtaista\/liikennetiedotteet.html<\/a><\/p>\n<h3>AGE LIMIT<\/h3>\n<p>The age limit for visiting all venues during Lost In Music is mainly 18 years. The limit also applies to volunteers.&nbsp;<\/p>\n<h1>VAIKUTTAJAKSI TAPAHTUMAAN?<\/h1>\n<p>You can be an independent micro influencer or reach out to thousands of people, love chill GRWM videos or make content about music or culture \u2013 if you're interested to work with our festival, apply now!<\/p>\n<p>Our values \u200b\u200binclude equality and diversity, as well as a multi-voiced music industry. The festival wants to show how rich, diverse and high-quality the music world is in Finland \u2013 if this is something you could say, you are the person we are looking for!<\/p>\n<p>Possible channels include social media channels such as Instagram, TikTok and YouTube, as well as blogs.<\/p>\n<p>Yhteisty\u00f6ss\u00e4 vaikuttaja saa itselleen lipun tapahtumaan. Yhteisty\u00f6h\u00f6n voi hakea vain t\u00e4ysi-ik\u00e4iset vaikuttajat.<\/p>\n<p><b>VAIKUTTAJAHAKU SYKSYN 2026 LOST IN MUSICIIN AVATAAN KES\u00c4LL\u00c4 2026. SEURAATHAN KANAVIAMME!<\/b><\/p>\n<p>More information from info@lostinmusic.fi<\/p>\n<h3>SAAVUTETTAVUUS<\/h3>\n<p class=\"cvGsUA direction-ltr align-center para-style-body\"><span class=\"a_GcMg font-feature-liga-off font-feature-clig-off font-feature-calt-off text-decoration-none text-strikethrough-none\">Lost In Musicin henkil\u00f6kunta on tietoinen auringonkukkanauhasta ja sen merkityksest\u00e4. Henkil\u00f6kunta tunnistaa nauhan ja tarjoaa tarvittaessa apua.<\/span><\/p>\n<p class=\"cvGsUA direction-ltr align-center para-style-body\"><span class=\"a_GcMg font-feature-liga-off font-feature-clig-off font-feature-calt-off text-decoration-none text-strikethrough-none\">Lost In Music viestii mahdollisimman selke\u00e4sti tapahtumaan liittyvist\u00e4 asioista sek\u00e4 pit\u00e4\u00e4 huolen, ett\u00e4 oikeat tiedot l\u00f6ytyv\u00e4t helposti ja ovat ajantasalla.&nbsp;<\/span><\/p>\n<p class=\"cvGsUA direction-ltr align-center para-style-body\"><span class=\"a_GcMg font-feature-liga-off font-feature-clig-off font-feature-calt-off text-decoration-none text-strikethrough-none\">Vastaamme kysymyksiin my\u00f6s s\u00e4hk\u00f6postitse<\/span><\/p>\n<p class=\"cvGsUA direction-ltr align-center para-style-body\"><span class=\"a_GcMg font-feature-liga-off font-feature-clig-off font-feature-calt-off text-decoration-none text-strikethrough-none\">info@lostinmusic.fi<\/span><\/p>\n<h3>VALUES<\/h3>\n<p>Lost In Music is committed to preventing all kinds of discrimination, harassment, and bullying.<\/p>\n<p>In addition to aiming for a safe, equal and accessible experience, the festival is founded on striving for sustainable development of the music industry. For us, that means both applying climate and environmentally friendly ways of doing and promoting the equity and diversity of our industry. With the showcase festival we are supporting the local music industry and gig culture as well as promoting music export both internationally and between Finnish regions.<\/p>\n<p>Otamme organisaationa t\u00e4m\u00e4n aiheen eritt\u00e4in vakavasti ja teemme kaikkemme, ett\u00e4 edell\u00e4 mainittua k\u00e4yt\u00f6st\u00e4 ei kukaan joutuisi Lost In Musicissa kohtaamaan.<\/p>\n<p>Toivotamme jokaisen festivaalin osallistujan tervetulleeksi nauttimaan uudesta musiikista sellaisena kuin ovat. Turvallinen ja turvallisen tuntuinen festivaali tehd\u00e4\u00e4n yhdess\u00e4. <img decoding=\"async\" class=\"emoji\" role=\"img\" draggable=\"false\" src=\"https:\/\/s.w.org\/images\/core\/emoji\/15.0.3\/svg\/1f9e1.svg\" alt=\"\ud83e\udde1\"><\/p>\n<h3>YHDENVERTAISUUS<\/h3>\n<p class=\"cvGsUA direction-ltr align-center para-style-body\"><span class=\"a_GcMg font-feature-liga-off font-feature-clig-off font-feature-calt-off text-decoration-none text-strikethrough-none\">Lost In Music on sitoutunut ehk\u00e4isem\u00e4\u00e4n syrjint\u00e4\u00e4, h\u00e4irint\u00e4\u00e4, kiusaamista ja v\u00e4kivaltaa niiden kaikissa muodoissa. Turvallisemman tilan periaatteet koskevat kaikkia tapahtumaan osallistuvia tahoja.&nbsp;<\/span><\/p>\n<p class=\"cvGsUA direction-ltr align-center para-style-body\"><span class=\"a_GcMg font-feature-liga-off font-feature-clig-off font-feature-calt-off text-decoration-none text-strikethrough-none\">Mik\u00e4li kohtaat tai havaitset n\u00e4iden arvojen vastaista toimintaa, ilmoitathan asiasta viipym\u00e4tt\u00e4 j\u00e4rjestyksenvalvojalle, yhdenvertaisuus- ja h\u00e4irint\u00e4yhteyshenkil\u00f6lle tai muulle henkil\u00f6kunnalle. Yhdenvertaisuus- ja h\u00e4irint\u00e4yhteyshenkil\u00f6 tukee h\u00e4irint\u00e4tilanteiden selvitt\u00e4misess\u00e4 ja kaikki tilanteet k\u00e4sitell\u00e4\u00e4n ehdottoman luottamuksellisesti.<\/span><\/p>\n<h3>YHDENVERTAISUUS- JA H\u00c4IRINT\u00c4YHTEYSHENKIL\u00d6<\/h3>\n<p>You can contact the equality and harassment contact person regarding any situations related to discrimination, harassment, or inappropriate behavior. You can discuss the incident and receive psychosocial first aid in challenging situations. You will also be guided on how to proceed after the incident.&nbsp;<\/p>\n<p>The equality and harassment contact person for Music x Media &amp; the Lost In Music city festival can be reached by phone on the event days.<\/p>\n<p><i>All reports and calls are handled confidentially by our equality and harassment contact person, who is bound by confidentiality obligations. No one else has access to the information.<\/i><\/p>\n<p>You can also report any discrimination, harassment, or other inappropriate behavior after the event, at any time of the day. The equality and harassment contact person will respond to you as soon as possible, but within the same day.&nbsp;<\/p>\n<h5>YHDENVERTAISUUS- JA H\u00c4IRINT\u00c4YHTEYSHENKIL\u00d6N YHTEYSTIEDOT<\/h5>\n<h5><strong style=\"font-size: 16px;\"><span class=\"a_GcMg font-feature-liga-off font-feature-clig-off font-feature-calt-off text-decoration-none text-strikethrough-none\">Tellervo Kraft<\/span><\/strong><\/h5>\n<p class=\"cvGsUA direction-ltr align-center para-style-body\"><span class=\"a_GcMg font-feature-liga-off font-feature-clig-off font-feature-calt-off text-decoration-none text-strikethrough-none\">+358 40 462 7667<\/span><\/p>\n<p class=\"cvGsUA direction-ltr align-center para-style-body\"><a href=\"mailto:hairintayhteyshenkilo@musicmedia.fi\"><span class=\"a_GcMg font-feature-liga-off font-feature-clig-off font-feature-calt-off text-decoration-none text-strikethrough-none\">hairintayhteyshenkilo@musicmedia.fi<\/span><\/a><\/p>\n<h3>Safer space principles<\/h3>\n<ul>\n<li style=\"font-weight: 400;\" aria-level=\"1\">\n<p class=\"translation-block\"><b>Respect<\/b><span style=\"font-weight: 400\"> the personal space and autonomy defined by another. You can't know another person's boundaries without asking them. Don't touch others without asking permission and ask for space for yourself as well if necessary. <\/span><\/p>\n<\/li>\n<li style=\"font-weight: 400;\" aria-level=\"1\">\n<p class=\"translation-block\"><b>Speak <\/b><span style=\"font-weight: 400\">to and about others <\/span><b>appreciatively. <\/b><span style=\"font-weight: 400\">You wouldn't want to be humiliated, embarrassed, gossiped about or criticized for your qualities either.<\/span><\/p>\n<\/li>\n<li style=\"font-weight: 400;\" aria-level=\"1\">\n<p class=\"translation-block\"><b>Stick<\/b><span style=\"font-weight: 400\"> to the<\/span><b> assumptions based on appearance and actions<\/b><span style=\"font-weight: 400\">.<\/span> <span style=\"font-weight: 400\">Such are the assumptions about sexuality, gender, ethnicity, values \u200b\u200bor health.<\/span><\/p>\n<\/li>\n<li style=\"font-weight: 400;\" aria-level=\"1\">\n<p class=\"translation-block\"><b>Give space<\/b><span style=\"font-weight: 400\">. Take into account the opportunities of others to be part of the conversation with their own opinions. Also respect others' boundaries in terms of privacy and handle sensitive topics gently. <\/span><\/p>\n<\/li>\n<li style=\"font-weight: 400;\" aria-level=\"1\">\n<p class=\"translation-block\"><b>Listen and learn.<\/b><span style=\"font-weight: 400\"> All of us can find new interests and perspectives from other people. You are open to discovering new things. <\/span><\/p>\n<\/li>\n<li style=\"font-weight: 400;\" aria-level=\"1\">\n<p class=\"translation-block\"><b>Apologise,<\/b><span style=\"font-weight: 400\"> if you have intentionally or unintentionally offended others.<\/span><\/p>\n<\/li>\n<li style=\"font-weight: 400;\" aria-level=\"1\">\n<p class=\"translation-block\"><b>Missing. <\/b><span style=\"font-weight: 400\">We don't expect heroic deeds or want anyone to put themselves in danger, but we hope that you contact the harassment contact person, law enforcement or other staff when you notice behavior that violates the principles.<\/span><\/p>\n<\/li>\n<\/ul>\t\t\t\t\t\t<\/div>\n\t\t\t\t<\/div>\n\t\t\t\t\t<\/div>\n\t\t\t\t<\/div>\n\t\t\t\t<\/div>","protected":false},"excerpt":{"rendered":"<p>Info LOST IN MUSIC 1.-2.10.2026 Kaupunkifestivaali tuo kahden p\u00e4iv\u00e4n aikana ajankohtaisimmat artistit ja b\u00e4ndit Tampereen keskeisimmille klubeille ja keikkapaikoille. Lost In Music -kaupunkifestivaalia on j\u00e4rjestetty vuodesta 2007 saakka. Aikaisempina vuosina festivaaleilla on esiintynyt muun muassa supersuosion saavuttanut Kuumaa, Emma-palkintoja saanut Mirella sek\u00e4 Norjalaista puuta -kappaleestaan tunnettu Jaakko Kulta. Vuonna 2025 lavoille asteli muun muassa Edicti, [&hellip;]<\/p>","protected":false},"author":23,"featured_media":0,"parent":0,"menu_order":0,"comment_status":"closed","ping_status":"closed","template":"","meta":{"_acf_changed":false,"footnotes":""},"class_list":["post-3807","page","type-page","status-publish","hentry"],"acf":[],"yoast_head":"<!-- This site is optimized with the Yoast SEO plugin v23.2 - https:\/\/yoast.com\/wordpress\/plugins\/seo\/ -->\n<title>Info - Lost In Music 2025<\/title>\n<meta name=\"description\" content=\"T\u00e4n\u00e4 vuonna lavoille astelee muun muassa Edicti, Asla Jo, Goldielocks sek\u00e4 ANI. Tule mukaan ja yll\u00e4ty \u2013 hanki liput nyt.\" \/>\n<meta name=\"robots\" content=\"index, follow, max-snippet:-1, max-image-preview:large, max-video-preview:-1\" \/>\n<link rel=\"canonical\" href=\"https:\/\/lostinmusic.fi\/en\/info\/\" \/>\n<meta property=\"og:locale\" content=\"en_GB\" \/>\n<meta property=\"og:type\" content=\"article\" \/>\n<meta property=\"og:title\" content=\"Info - Lost In Music 2025\" \/>\n<meta property=\"og:description\" content=\"T\u00e4n\u00e4 vuonna lavoille astelee muun muassa Edicti, Asla Jo, Goldielocks sek\u00e4 ANI. Tule mukaan ja yll\u00e4ty \u2013 hanki liput nyt.\" \/>\n<meta property=\"og:url\" content=\"https:\/\/lostinmusic.fi\/en\/info\/\" \/>\n<meta property=\"og:site_name\" content=\"Lost In Music - Festivaali\" \/>\n<meta property=\"article:modified_time\" content=\"2026-03-06T16:53:52+00:00\" \/>\n<meta property=\"og:image\" content=\"https:\/\/s.w.org\/images\/core\/emoji\/15.0.3\/svg\/1f9e1.svg\" \/>\n<meta name=\"twitter:card\" content=\"summary_large_image\" \/>\n<meta name=\"twitter:label1\" content=\"Estimated reading time\" \/>\n\t<meta name=\"twitter:data1\" content=\"4 minutes\" \/>\n<script type=\"application\/ld+json\" class=\"yoast-schema-graph\">{\"@context\":\"https:\/\/schema.org\",\"@graph\":[{\"@type\":\"WebPage\",\"@id\":\"https:\/\/lostinmusic.fi\/info\/\",\"url\":\"https:\/\/lostinmusic.fi\/info\/\",\"name\":\"Info - Lost In Music 2025\",\"isPartOf\":{\"@id\":\"https:\/\/lostinmusic.fi\/#website\"},\"primaryImageOfPage\":{\"@id\":\"https:\/\/lostinmusic.fi\/info\/#primaryimage\"},\"image\":{\"@id\":\"https:\/\/lostinmusic.fi\/info\/#primaryimage\"},\"thumbnailUrl\":\"https:\/\/s.w.org\/images\/core\/emoji\/15.0.3\/svg\/1f9e1.svg\",\"datePublished\":\"2024-05-14T13:03:01+00:00\",\"dateModified\":\"2026-03-06T16:53:52+00:00\",\"description\":\"T\u00e4n\u00e4 vuonna lavoille astelee muun muassa Edicti, Asla Jo, Goldielocks sek\u00e4 ANI. Tule mukaan ja yll\u00e4ty \u2013 hanki liput nyt.\",\"breadcrumb\":{\"@id\":\"https:\/\/lostinmusic.fi\/info\/#breadcrumb\"},\"inLanguage\":\"en-GB\",\"potentialAction\":[{\"@type\":\"ReadAction\",\"target\":[\"https:\/\/lostinmusic.fi\/info\/\"]}]},{\"@type\":\"ImageObject\",\"inLanguage\":\"en-GB\",\"@id\":\"https:\/\/lostinmusic.fi\/info\/#primaryimage\",\"url\":\"https:\/\/s.w.org\/images\/core\/emoji\/15.0.3\/svg\/1f9e1.svg\",\"contentUrl\":\"https:\/\/s.w.org\/images\/core\/emoji\/15.0.3\/svg\/1f9e1.svg\"},{\"@type\":\"BreadcrumbList\",\"@id\":\"https:\/\/lostinmusic.fi\/info\/#breadcrumb\",\"itemListElement\":[{\"@type\":\"ListItem\",\"position\":1,\"name\":\"Home\",\"item\":\"https:\/\/lostinmusic.fi\/\"},{\"@type\":\"ListItem\",\"position\":2,\"name\":\"Info 2026\"}]},{\"@type\":\"WebSite\",\"@id\":\"https:\/\/lostinmusic.fi\/#website\",\"url\":\"https:\/\/lostinmusic.fi\/\",\"name\":\"Lost In Music - Festivaali\",\"description\":\"Suomen suurin showcase-festivaali Tampereella 25.-26.9.2025.\",\"potentialAction\":[{\"@type\":\"SearchAction\",\"target\":{\"@type\":\"EntryPoint\",\"urlTemplate\":\"https:\/\/lostinmusic.fi\/?s={search_term_string}\"},\"query-input\":\"required name=search_term_string\"}],\"inLanguage\":\"en-GB\"}]}<\/script>\n<!-- \/ Yoast SEO plugin. -->","yoast_head_json":{"title":"Info - Lost In Music 2025","description":"T\u00e4n\u00e4 vuonna lavoille astelee muun muassa Edicti, Asla Jo, Goldielocks sek\u00e4 ANI. Tule mukaan ja yll\u00e4ty \u2013 hanki liput nyt.","robots":{"index":"index","follow":"follow","max-snippet":"max-snippet:-1","max-image-preview":"max-image-preview:large","max-video-preview":"max-video-preview:-1"},"canonical":"https:\/\/lostinmusic.fi\/en\/info\/","og_locale":"en_GB","og_type":"article","og_title":"Info - Lost In Music 2025","og_description":"T\u00e4n\u00e4 vuonna lavoille astelee muun muassa Edicti, Asla Jo, Goldielocks sek\u00e4 ANI. Tule mukaan ja yll\u00e4ty \u2013 hanki liput nyt.","og_url":"https:\/\/lostinmusic.fi\/en\/info\/","og_site_name":"Lost In Music - Festivaali","article_modified_time":"2026-03-06T16:53:52+00:00","og_image":[{"url":"https:\/\/s.w.org\/images\/core\/emoji\/15.0.3\/svg\/1f9e1.svg"}],"twitter_card":"summary_large_image","twitter_misc":{"Estimated reading time":"4 minutes"},"schema":{"@context":"https:\/\/schema.org","@graph":[{"@type":"WebPage","@id":"https:\/\/lostinmusic.fi\/info\/","url":"https:\/\/lostinmusic.fi\/info\/","name":"Info - Lost In Music 2025","isPartOf":{"@id":"https:\/\/lostinmusic.fi\/#website"},"primaryImageOfPage":{"@id":"https:\/\/lostinmusic.fi\/info\/#primaryimage"},"image":{"@id":"https:\/\/lostinmusic.fi\/info\/#primaryimage"},"thumbnailUrl":"https:\/\/s.w.org\/images\/core\/emoji\/15.0.3\/svg\/1f9e1.svg","datePublished":"2024-05-14T13:03:01+00:00","dateModified":"2026-03-06T16:53:52+00:00","description":"T\u00e4n\u00e4 vuonna lavoille astelee muun muassa Edicti, Asla Jo, Goldielocks sek\u00e4 ANI. Tule mukaan ja yll\u00e4ty \u2013 hanki liput nyt.","breadcrumb":{"@id":"https:\/\/lostinmusic.fi\/info\/#breadcrumb"},"inLanguage":"en-GB","potentialAction":[{"@type":"ReadAction","target":["https:\/\/lostinmusic.fi\/info\/"]}]},{"@type":"ImageObject","inLanguage":"en-GB","@id":"https:\/\/lostinmusic.fi\/info\/#primaryimage","url":"https:\/\/s.w.org\/images\/core\/emoji\/15.0.3\/svg\/1f9e1.svg","contentUrl":"https:\/\/s.w.org\/images\/core\/emoji\/15.0.3\/svg\/1f9e1.svg"},{"@type":"BreadcrumbList","@id":"https:\/\/lostinmusic.fi\/info\/#breadcrumb","itemListElement":[{"@type":"ListItem","position":1,"name":"Home","item":"https:\/\/lostinmusic.fi\/"},{"@type":"ListItem","position":2,"name":"Info 2026"}]},{"@type":"WebSite","@id":"https:\/\/lostinmusic.fi\/#website","url":"https:\/\/lostinmusic.fi\/","name":"Lost In Music - Festivaali","description":"Suomen suurin showcase-festivaali Tampereella 25.-26.9.2025.","potentialAction":[{"@type":"SearchAction","target":{"@type":"EntryPoint","urlTemplate":"https:\/\/lostinmusic.fi\/?s={search_term_string}"},"query-input":"required name=search_term_string"}],"inLanguage":"en-GB"}]}},"_links":{"self":[{"href":"https:\/\/lostinmusic.fi\/en\/wp-json\/wp\/v2\/pages\/3807"}],"collection":[{"href":"https:\/\/lostinmusic.fi\/en\/wp-json\/wp\/v2\/pages"}],"about":[{"href":"https:\/\/lostinmusic.fi\/en\/wp-json\/wp\/v2\/types\/page"}],"author":[{"embeddable":true,"href":"https:\/\/lostinmusic.fi\/en\/wp-json\/wp\/v2\/users\/23"}],"replies":[{"embeddable":true,"href":"https:\/\/lostinmusic.fi\/en\/wp-json\/wp\/v2\/comments?post=3807"}],"version-history":[{"count":205,"href":"https:\/\/lostinmusic.fi\/en\/wp-json\/wp\/v2\/pages\/3807\/revisions"}],"predecessor-version":[{"id":7383,"href":"https:\/\/lostinmusic.fi\/en\/wp-json\/wp\/v2\/pages\/3807\/revisions\/7383"}],"wp:attachment":[{"href":"https:\/\/lostinmusic.fi\/en\/wp-json\/wp\/v2\/media?parent=3807"}],"curies":[{"name":"wp","href":"https:\/\/api.w.org\/{rel}","templated":true}]}}