{"id":4306,"date":"2024-08-15T16:50:26","date_gmt":"2024-08-15T13:50:26","guid":{"rendered":"https:\/\/lostinmusic.fi\/?page_id=4306"},"modified":"2026-03-09T09:38:10","modified_gmt":"2026-03-09T07:38:10","slug":"artistit","status":"publish","type":"page","link":"https:\/\/lostinmusic.fi\/en\/artistit\/","title":{"rendered":"Artistit 2026"},"content":{"rendered":"<div data-elementor-type=\"wp-page\" data-elementor-id=\"4306\" class=\"elementor elementor-4306\" data-elementor-post-type=\"page\">\n\t\t\t\t<div class=\"elementor-element elementor-element-36edeab e-flex e-con-boxed e-con e-parent\" data-id=\"36edeab\" data-element_type=\"container\">\n\t\t\t\t\t<div class=\"e-con-inner\">\n\t\t\t\t<div class=\"elementor-element elementor-element-0ed1c5e elementor-widget elementor-widget-heading\" data-id=\"0ed1c5e\" data-element_type=\"widget\" data-widget_type=\"heading.default\">\n\t\t\t\t<div class=\"elementor-widget-container\">\n\t\t\t<style>\/*! elementor - v3.23.0 - 05-08-2024 *\/\n.elementor-heading-title{padding:0;margin:0;line-height:1}.elementor-widget-heading .elementor-heading-title[class*=elementor-size-]>a{color:inherit;font-size:inherit;line-height:inherit}.elementor-widget-heading .elementor-heading-title.elementor-size-small{font-size:15px}.elementor-widget-heading .elementor-heading-title.elementor-size-medium{font-size:19px}.elementor-widget-heading .elementor-heading-title.elementor-size-large{font-size:29px}.elementor-widget-heading .elementor-heading-title.elementor-size-xl{font-size:39px}.elementor-widget-heading .elementor-heading-title.elementor-size-xxl{font-size:59px}<\/style><h2 class=\"elementor-heading-title elementor-size-default\">LOST IN MUSIC 2026<\/h2>\t\t<\/div>\n\t\t\t\t<\/div>\n\t\t\t\t\t<\/div>\n\t\t\t\t<\/div>\n\t\t<div class=\"elementor-element elementor-element-b741606 e-grid e-con-boxed e-con e-parent\" data-id=\"b741606\" data-element_type=\"container\">\n\t\t\t\t\t<div class=\"e-con-inner\">\n\t\t\t\t<div class=\"elementor-element elementor-element-fc2425b elementor-widget elementor-widget-text-editor\" data-id=\"fc2425b\" data-element_type=\"widget\" data-widget_type=\"text-editor.default\">\n\t\t\t\t<div class=\"elementor-widget-container\">\n\t\t\t<style>\/*! elementor - v3.23.0 - 05-08-2024 *\/\n.elementor-widget-text-editor.elementor-drop-cap-view-stacked .elementor-drop-cap{background-color:#69727d;color:#fff}.elementor-widget-text-editor.elementor-drop-cap-view-framed .elementor-drop-cap{color:#69727d;border:3px solid;background-color:transparent}.elementor-widget-text-editor:not(.elementor-drop-cap-view-default) .elementor-drop-cap{margin-top:8px}.elementor-widget-text-editor:not(.elementor-drop-cap-view-default) .elementor-drop-cap-letter{width:1em;height:1em}.elementor-widget-text-editor .elementor-drop-cap{float:left;text-align:center;line-height:1;font-size:50px}.elementor-widget-text-editor .elementor-drop-cap-letter{display:inline-block}<\/style>\t\t\t\t<p class=\"\" data-start=\"44\" data-end=\"405\">Rohkea, inspiroiva ja kotimaisen musiikin monimuotoisuutta ilment\u00e4v\u00e4 showcase-festivaali Lost In Music j\u00e4rjestet\u00e4\u00e4n Tampereella 1.\u20132.10.2026. Festivaali tuo upean kattauksen kotimaisia artisteja esiintym\u00e4\u00e4n keikkapaikoille ymp\u00e4ri Tamperetta.<\/p><p class=\"\" data-start=\"44\" data-end=\"405\">Festivaalin ohjelmaa julkaistaan pitkin kev\u00e4tt\u00e4. Seuraathan siis kanaviamme aktiivisesti.\u00a0<\/p><p class=\"\" data-start=\"44\" data-end=\"405\">Edulliset 2 p\u00e4iv\u00e4n Early Bird -rannekkeet vuoden 2026 festivaaleille ovat jo myynniss\u00e4! Hanki lippusi hyviss\u00e4 ajoin <a href=\"https:\/\/www.tiketti.fi\/lost-in-music-2026-tampere-lippuja\/116437\">here<\/a>.<\/p>\t\t\t\t\t\t<\/div>\n\t\t\t\t<\/div>\n\t\t\t\t\t<\/div>\n\t\t\t\t<\/div>\n\t\t<div class=\"elementor-element elementor-element-607eabd e-flex e-con-boxed e-con e-parent\" data-id=\"607eabd\" data-element_type=\"container\">\n\t\t\t\t\t<div class=\"e-con-inner\">\n\t\t\t\t<div class=\"elementor-element elementor-element-7efb7b3 elementor-widget elementor-widget-heading\" data-id=\"7efb7b3\" data-element_type=\"widget\" data-widget_type=\"heading.default\">\n\t\t\t\t<div class=\"elementor-widget-container\">\n\t\t\t<h2 class=\"elementor-heading-title elementor-size-default\"><h2 data-elementor-setting-key=\"title\" data-pen-placeholder=\"Kirjoita t\u00e4h\u00e4n...\" style=\"font-family: &quot;BM Arbeiter Neue Text&quot;, sans-serif; font-weight: 400; color: rgb(38, 38, 38); font-size: 25px; text-align: center;\">ARTISTS<span style=\"text-align: start;\"><\/span><\/h2><\/h2>\t\t<\/div>\n\t\t\t\t<\/div>\n\t\t\t\t\t<\/div>\n\t\t\t\t<\/div>\n\t\t<div class=\"elementor-element elementor-element-707264a e-flex e-con-boxed e-con e-parent\" data-id=\"707264a\" data-element_type=\"container\">\n\t\t\t\t\t<div class=\"e-con-inner\">\n\t\t\t\t<div class=\"elementor-element elementor-element-93f8ee8 elementor-widget elementor-widget-ucaddon_post_blocks\" data-id=\"93f8ee8\" data-element_type=\"widget\" id=\"torstai\" data-widget_type=\"ucaddon_post_blocks.default\">\n\t\t\t\t<div class=\"elementor-widget-container\">\n\t\t\t\n<!-- start Post Blocks -->\n\t\t<link id='font-awesome-css' href='https:\/\/lostinmusic.fi\/wp-content\/plugins\/unlimited-elements-for-elementor\/assets_libraries\/font-awesome6\/fontawesome-all.min.css' type='text\/css' rel='stylesheet' >\n\t\t<link id='font-awesome-4-shim-css' href='https:\/\/lostinmusic.fi\/wp-content\/plugins\/unlimited-elements-for-elementor\/assets_libraries\/font-awesome6\/fontawesome-v4-shims.min.css' type='text\/css' rel='stylesheet' >\n\n<style>\/* widget: Post Blocks *\/\n\n\r\n@keyframes uc_post_blocks_elementor_93f8ee8__item-animation {\r\n  0% {\r\n            \r\n        \t        \tfilter: blur(10px);\r\n\t\t\t\r\n    \t    opacity: 0;\r\n  }\r\n  100% {\r\n            \r\n        \t            filter: blur(0px);\r\n            \r\n    \t\topacity: 1;\r\n  }\r\n}\r\n\r\n\r\n#uc_post_blocks_elementor_93f8ee8 .ue_post_blocks_box{\r\n\topacity:0;\r\n}\r\n\r\n\r\n#uc_post_blocks_elementor_93f8ee8 .uc-entrance-animate {\r\n  opacity:1;\r\n}\r\n\r\n#uc_post_blocks_elementor_93f8ee8 .uc-entrance-animate {\r\n\tanimation: uc_post_blocks_elementor_93f8ee8__item-animation 0.5s cubic-bezier(0.470, 0.000, 0.745, 0.715) both;\r\n}\r\n\r\n\t\t\t\n\n#uc_post_blocks_elementor_93f8ee8 {\n    display:grid;\n}\n#uc_post_blocks_elementor_93f8ee8 .ue_post_blocks_box\n{\n  overflow:hidden;\n}\n\n#uc_post_blocks_elementor_93f8ee8 .ue_post_blocks_image\n{\n  overflow:hidden;\n}\n#uc_post_blocks_elementor_93f8ee8 .ue_post_blocks_image img\n{\n  width:100%;\n  display:block;\n}\n#uc_post_blocks_elementor_93f8ee8 .ue_post_blocks_link a\n{\n  display:inline-block;\n  text-decoration:none;\n  text-align:center;\n}\n\n\n#uc_post_blocks_elementor_93f8ee8 .ue-grid-item-meta-data\n{\n  display:inlin-flex;\n  flex-wrap: wrap;\n}\n\n.ue-grid-item-meta-data\n{\n  font-size:12px;\n}\n\n#uc_post_blocks_elementor_93f8ee8 .ue-grid-item-meta-data-icon\n{\n  line-height:1em;\n}\n\n#uc_post_blocks_elementor_93f8ee8 .ue-grid-item-meta-data-icon svg\n{\n  width:1em;\n  height:1em;\n}\n\n#uc_post_blocks_elementor_93f8ee8 .ue_post_blocks_box{\n  display: flex;\n  flex-direction: column;\n}\n#uc_post_blocks_elementor_93f8ee8 .ue_post_blocks_content{\n display: flex; flex-grow: 1;\n flex-direction: column;\n}\n#uc_post_blocks_elementor_93f8ee8 .ue_post_blocks_link{ margin-top: auto;\n}\n\n.ue-grid-item-category a\n{\n  display:inline-block;\n  font-size:10px;\n  text-transform:uppercase;\n}\n\n\n\n\n<\/style>\n\n<div id=\"uc_post_blocks_elementor_93f8ee8\" class=\"ue_post_blocks uc-items-wrapper\" >\n    <div class=\"ue_post_blocks_box\" style=\"text-align:center;\">\n    <div class=\"ue_post_blocks_image\">\n    <a href=\"https:\/\/lostinmusic.fi\/en\/artist\/aaro630\/\" style=\"display:block;\"><img fetchpriority=\"high\" decoding=\"async\" src=\"https:\/\/lostinmusic.fi\/wp-content\/uploads\/2026\/03\/aaro360-768x768.jpeg\"  alt=\"aaro360\" width=\"768\" height=\"768\"><\/a>\n  <\/div>\n    <div class=\"ue_post_blocks_content\">\n      \n     <div class=\"ue-grid-item-category\"><\/div>\n         \n    <div class=\"ue_post_blocks_title\"><a href=\"https:\/\/lostinmusic.fi\/en\/artist\/aaro630\/\">Aaro630<\/a><\/div>    \n        \n    \n         <div class=\"ue-grid-item-meta-data\">\n                                \t  \n    \t<\/div>\n        \t<div class=\"ue_post_blocks_link\">\n          <a class=\"\" href='https:\/\/lostinmusic.fi\/en\/artist\/aaro630\/'>READ MORE<\/a>\n    \t<\/div>\n      <\/div>\n<\/div>\n<div class=\"ue_post_blocks_box\" style=\"text-align:center;\">\n    <div class=\"ue_post_blocks_image\">\n    <a href=\"https:\/\/lostinmusic.fi\/en\/artist\/ab\/\" style=\"display:block;\"><img decoding=\"async\" src=\"https:\/\/lostinmusic.fi\/wp-content\/uploads\/2026\/04\/AB-promo-768x1365.jpg\"  alt=\"AB-promo\" width=\"768\" height=\"1365\"><\/a>\n  <\/div>\n    <div class=\"ue_post_blocks_content\">\n      \n     <div class=\"ue-grid-item-category\"><\/div>\n         \n    <div class=\"ue_post_blocks_title\"><a href=\"https:\/\/lostinmusic.fi\/en\/artist\/ab\/\">AB<\/a><\/div>    \n        \n    \n         <div class=\"ue-grid-item-meta-data\">\n                                \t  \n    \t<\/div>\n        \t<div class=\"ue_post_blocks_link\">\n          <a class=\"\" href='https:\/\/lostinmusic.fi\/en\/artist\/ab\/'>READ MORE<\/a>\n    \t<\/div>\n      <\/div>\n<\/div>\n<div class=\"ue_post_blocks_box\" style=\"text-align:center;\">\n    <div class=\"ue_post_blocks_image\">\n    <a href=\"https:\/\/lostinmusic.fi\/en\/artist\/efka-crush\/\" style=\"display:block;\"><img decoding=\"async\" src=\"https:\/\/lostinmusic.fi\/wp-content\/uploads\/2026\/04\/FINAL-efkacrush-768x614.jpg\"  alt=\"FINAL-efkacrush\" width=\"768\" height=\"614\"><\/a>\n  <\/div>\n    <div class=\"ue_post_blocks_content\">\n      \n     <div class=\"ue-grid-item-category\"><\/div>\n         \n    <div class=\"ue_post_blocks_title\"><a href=\"https:\/\/lostinmusic.fi\/en\/artist\/efka-crush\/\">Efka Crush<\/a><\/div>    \n        \n    \n         <div class=\"ue-grid-item-meta-data\">\n                                \t  \n    \t<\/div>\n        \t<div class=\"ue_post_blocks_link\">\n          <a class=\"\" href='https:\/\/lostinmusic.fi\/en\/artist\/efka-crush\/'>READ MORE<\/a>\n    \t<\/div>\n      <\/div>\n<\/div>\n<div class=\"ue_post_blocks_box\" style=\"text-align:center;\">\n    <div class=\"ue_post_blocks_image\">\n    <a href=\"https:\/\/lostinmusic.fi\/en\/artist\/ella-herold\/\" style=\"display:block;\"><img loading=\"lazy\" decoding=\"async\" src=\"https:\/\/lostinmusic.fi\/wp-content\/uploads\/2026\/03\/Ella-Herold-promokuva-v1.fullreso-768x1152.jpg\"  alt=\"Ella Herold promokuva v1\" width=\"768\" height=\"1152\"><\/a>\n  <\/div>\n    <div class=\"ue_post_blocks_content\">\n      \n     <div class=\"ue-grid-item-category\"><\/div>\n         \n    <div class=\"ue_post_blocks_title\"><a href=\"https:\/\/lostinmusic.fi\/en\/artist\/ella-herold\/\">Ella Herold<\/a><\/div>    \n        \n    \n         <div class=\"ue-grid-item-meta-data\">\n                                \t  \n    \t<\/div>\n        \t<div class=\"ue_post_blocks_link\">\n          <a class=\"\" href='https:\/\/lostinmusic.fi\/en\/artist\/ella-herold\/'>READ MORE<\/a>\n    \t<\/div>\n      <\/div>\n<\/div>\n<div class=\"ue_post_blocks_box\" style=\"text-align:center;\">\n    <div class=\"ue_post_blocks_image\">\n    <a href=\"https:\/\/lostinmusic.fi\/en\/artist\/f-3\/\" style=\"display:block;\"><img loading=\"lazy\" decoding=\"async\" src=\"https:\/\/lostinmusic.fi\/wp-content\/uploads\/2026\/04\/F-promo-768x960.jpg\"  alt=\"F-promo\" width=\"768\" height=\"960\"><\/a>\n  <\/div>\n    <div class=\"ue_post_blocks_content\">\n      \n     <div class=\"ue-grid-item-category\"><\/div>\n         \n    <div class=\"ue_post_blocks_title\"><a href=\"https:\/\/lostinmusic.fi\/en\/artist\/f-3\/\">F<\/a><\/div>    \n        \n    \n         <div class=\"ue-grid-item-meta-data\">\n                                \t  \n    \t<\/div>\n        \t<div class=\"ue_post_blocks_link\">\n          <a class=\"\" href='https:\/\/lostinmusic.fi\/en\/artist\/f-3\/'>READ MORE<\/a>\n    \t<\/div>\n      <\/div>\n<\/div>\n<div class=\"ue_post_blocks_box\" style=\"text-align:center;\">\n    <div class=\"ue_post_blocks_image\">\n    <a href=\"https:\/\/lostinmusic.fi\/en\/artist\/fibi\/\" style=\"display:block;\"><img loading=\"lazy\" decoding=\"async\" src=\"https:\/\/lostinmusic.fi\/wp-content\/uploads\/2026\/04\/fibi_promo2_Ruut_Tupamaki-768x576.jpg\"  alt=\"OLYMPUS DIGITAL CAMERA\" width=\"768\" height=\"576\"><\/a>\n  <\/div>\n    <div class=\"ue_post_blocks_content\">\n      \n     <div class=\"ue-grid-item-category\"><\/div>\n         \n    <div class=\"ue_post_blocks_title\"><a href=\"https:\/\/lostinmusic.fi\/en\/artist\/fibi\/\">fibi<\/a><\/div>    \n        \n    \n         <div class=\"ue-grid-item-meta-data\">\n                                \t  \n    \t<\/div>\n        \t<div class=\"ue_post_blocks_link\">\n          <a class=\"\" href='https:\/\/lostinmusic.fi\/en\/artist\/fibi\/'>READ MORE<\/a>\n    \t<\/div>\n      <\/div>\n<\/div>\n<div class=\"ue_post_blocks_box\" style=\"text-align:center;\">\n    <div class=\"ue_post_blocks_image\">\n    <a href=\"https:\/\/lostinmusic.fi\/en\/artist\/helmi-antila\/\" style=\"display:block;\"><img loading=\"lazy\" decoding=\"async\" src=\"https:\/\/lostinmusic.fi\/wp-content\/uploads\/2026\/04\/Helmi_promo-4-1-768x425.jpg\"  alt=\"Helmi_promo-4 (1)\" width=\"768\" height=\"425\"><\/a>\n  <\/div>\n    <div class=\"ue_post_blocks_content\">\n      \n     <div class=\"ue-grid-item-category\"><\/div>\n         \n    <div class=\"ue_post_blocks_title\"><a href=\"https:\/\/lostinmusic.fi\/en\/artist\/helmi-antila\/\">Helmi Antila<\/a><\/div>    \n        \n    \n         <div class=\"ue-grid-item-meta-data\">\n                                \t  \n    \t<\/div>\n        \t<div class=\"ue_post_blocks_link\">\n          <a class=\"\" href='https:\/\/lostinmusic.fi\/en\/artist\/helmi-antila\/'>READ MORE<\/a>\n    \t<\/div>\n      <\/div>\n<\/div>\n<div class=\"ue_post_blocks_box\" style=\"text-align:center;\">\n    <div class=\"ue_post_blocks_image\">\n    <a href=\"https:\/\/lostinmusic.fi\/en\/artist\/hopeasiivet\/\" style=\"display:block;\"><img loading=\"lazy\" decoding=\"async\" src=\"https:\/\/lostinmusic.fi\/wp-content\/uploads\/2026\/03\/2025_12_07-HOPEASIIVET6771-768x576.jpg\"  alt=\"2025_12_07 HOPEASIIVET6771\" width=\"768\" height=\"576\"><\/a>\n  <\/div>\n    <div class=\"ue_post_blocks_content\">\n      \n     <div class=\"ue-grid-item-category\"><\/div>\n         \n    <div class=\"ue_post_blocks_title\"><a href=\"https:\/\/lostinmusic.fi\/en\/artist\/hopeasiivet\/\">Hopeasiivet<\/a><\/div>    \n        \n    \n         <div class=\"ue-grid-item-meta-data\">\n                                \t  \n    \t<\/div>\n        \t<div class=\"ue_post_blocks_link\">\n          <a class=\"\" href='https:\/\/lostinmusic.fi\/en\/artist\/hopeasiivet\/'>READ MORE<\/a>\n    \t<\/div>\n      <\/div>\n<\/div>\n<div class=\"ue_post_blocks_box\" style=\"text-align:center;\">\n    <div class=\"ue_post_blocks_image\">\n    <a href=\"https:\/\/lostinmusic.fi\/en\/artist\/isaac-sene-3\/\" style=\"display:block;\"><img loading=\"lazy\" decoding=\"async\" src=\"https:\/\/lostinmusic.fi\/wp-content\/uploads\/2026\/03\/Isaac-Sene-promo-768x614.jpeg\"  alt=\"Isaac-Sene-promo\" width=\"768\" height=\"614\"><\/a>\n  <\/div>\n    <div class=\"ue_post_blocks_content\">\n      \n     <div class=\"ue-grid-item-category\"><\/div>\n         \n    <div class=\"ue_post_blocks_title\"><a href=\"https:\/\/lostinmusic.fi\/en\/artist\/isaac-sene-3\/\">Isaac Sene<\/a><\/div>    \n        \n    \n         <div class=\"ue-grid-item-meta-data\">\n                                \t  \n    \t<\/div>\n        \t<div class=\"ue_post_blocks_link\">\n          <a class=\"\" href='https:\/\/lostinmusic.fi\/en\/artist\/isaac-sene-3\/'>READ MORE<\/a>\n    \t<\/div>\n      <\/div>\n<\/div>\n<div class=\"ue_post_blocks_box\" style=\"text-align:center;\">\n    <div class=\"ue_post_blocks_image\">\n    <a href=\"https:\/\/lostinmusic.fi\/en\/artist\/keiju\/\" style=\"display:block;\"><img loading=\"lazy\" decoding=\"async\" src=\"https:\/\/lostinmusic.fi\/wp-content\/uploads\/2026\/04\/keiju-promokuva-2-Kuvaaja_-Salamata-Mboup.jpg\"  alt=\"keiju-promokuva-2-Kuvaaja_-Salamata-Mboup\" width=\"750\" height=\"938\"><\/a>\n  <\/div>\n    <div class=\"ue_post_blocks_content\">\n      \n     <div class=\"ue-grid-item-category\"><\/div>\n         \n    <div class=\"ue_post_blocks_title\"><a href=\"https:\/\/lostinmusic.fi\/en\/artist\/keiju\/\">keiju<\/a><\/div>    \n        \n    \n         <div class=\"ue-grid-item-meta-data\">\n                                \t  \n    \t<\/div>\n        \t<div class=\"ue_post_blocks_link\">\n          <a class=\"\" href='https:\/\/lostinmusic.fi\/en\/artist\/keiju\/'>READ MORE<\/a>\n    \t<\/div>\n      <\/div>\n<\/div>\n<div class=\"ue_post_blocks_box\" style=\"text-align:center;\">\n    <div class=\"ue_post_blocks_image\">\n    <a href=\"https:\/\/lostinmusic.fi\/en\/artist\/raama\/\" style=\"display:block;\"><img loading=\"lazy\" decoding=\"async\" src=\"https:\/\/lostinmusic.fi\/wp-content\/uploads\/2026\/03\/raama-31-1-768x1152.jpg\"  alt=\"raama-31-1\" width=\"768\" height=\"1152\"><\/a>\n  <\/div>\n    <div class=\"ue_post_blocks_content\">\n      \n     <div class=\"ue-grid-item-category\"><\/div>\n         \n    <div class=\"ue_post_blocks_title\"><a href=\"https:\/\/lostinmusic.fi\/en\/artist\/raama\/\">Raama<\/a><\/div>    \n        \n    \n         <div class=\"ue-grid-item-meta-data\">\n                                \t  \n    \t<\/div>\n        \t<div class=\"ue_post_blocks_link\">\n          <a class=\"\" href='https:\/\/lostinmusic.fi\/en\/artist\/raama\/'>READ MORE<\/a>\n    \t<\/div>\n      <\/div>\n<\/div>\n\n<\/div>\n<!-- end Post Blocks -->\t\t<\/div>\n\t\t\t\t<\/div>\n\t\t\t\t\t<\/div>\n\t\t\t\t<\/div>\n\t\t\t\t<\/div>","protected":false},"excerpt":{"rendered":"<p>LOST IN MUSIC 2026 Rohkea, inspiroiva ja kotimaisen musiikin monimuotoisuutta ilment\u00e4v\u00e4 showcase-festivaali Lost In Music j\u00e4rjestet\u00e4\u00e4n Tampereella 1.\u20132.10.2026. Festivaali tuo upean kattauksen kotimaisia artisteja esiintym\u00e4\u00e4n keikkapaikoille ymp\u00e4ri Tamperetta. Festivaalin ohjelmaa julkaistaan pitkin kev\u00e4tt\u00e4. Seuraathan siis kanaviamme aktiivisesti.\u00a0 Edulliset 2 p\u00e4iv\u00e4n Early Bird -rannekkeet vuoden 2026 festivaaleille ovat jo myynniss\u00e4! Hanki lippusi hyviss\u00e4 ajoin t\u00e4\u00e4lt\u00e4. ARTISTIT [&hellip;]<\/p>","protected":false},"author":22,"featured_media":0,"parent":0,"menu_order":0,"comment_status":"closed","ping_status":"closed","template":"","meta":{"_acf_changed":false,"footnotes":""},"class_list":["post-4306","page","type-page","status-publish","hentry"],"acf":[],"yoast_head":"<!-- This site is optimized with the Yoast SEO plugin v23.2 - https:\/\/yoast.com\/wordpress\/plugins\/seo\/ -->\n<title>Artistit - Lost In Music 2025<\/title>\n<meta name=\"description\" content=\"T\u00e4n\u00e4 vuonna lavoille astelee muun muassa Edicti, Asla Jo, Goldielocks sek\u00e4 ANI. Tule mukaan ja yll\u00e4ty \u2013 hanki liput nyttso koko ohjelma!\" \/>\n<meta name=\"robots\" content=\"index, follow, max-snippet:-1, max-image-preview:large, max-video-preview:-1\" \/>\n<link rel=\"canonical\" href=\"https:\/\/lostinmusic.fi\/en\/artistit\/\" \/>\n<meta property=\"og:locale\" content=\"en_GB\" \/>\n<meta property=\"og:type\" content=\"article\" \/>\n<meta property=\"og:title\" content=\"Artistit - Lost In Music 2025\" \/>\n<meta property=\"og:description\" content=\"T\u00e4n\u00e4 vuonna lavoille astelee muun muassa Edicti, Asla Jo, Goldielocks sek\u00e4 ANI. Tule mukaan ja yll\u00e4ty \u2013 hanki liput nyttso koko ohjelma!\" \/>\n<meta property=\"og:url\" content=\"https:\/\/lostinmusic.fi\/en\/artistit\/\" \/>\n<meta property=\"og:site_name\" content=\"Lost In Music - Festivaali\" \/>\n<meta property=\"article:modified_time\" content=\"2026-03-09T07:38:10+00:00\" \/>\n<meta property=\"og:image\" content=\"https:\/\/lostinmusic.fi\/wp-content\/uploads\/2026\/03\/aaro360-768x768.jpeg\" \/>\n<meta name=\"twitter:card\" content=\"summary_large_image\" \/>\n<meta name=\"twitter:label1\" content=\"Estimated reading time\" \/>\n\t<meta name=\"twitter:data1\" content=\"2 minutes\" \/>\n<script type=\"application\/ld+json\" class=\"yoast-schema-graph\">{\"@context\":\"https:\/\/schema.org\",\"@graph\":[{\"@type\":\"WebPage\",\"@id\":\"https:\/\/lostinmusic.fi\/artistit\/\",\"url\":\"https:\/\/lostinmusic.fi\/artistit\/\",\"name\":\"Artistit - Lost In Music 2025\",\"isPartOf\":{\"@id\":\"https:\/\/lostinmusic.fi\/#website\"},\"primaryImageOfPage\":{\"@id\":\"https:\/\/lostinmusic.fi\/artistit\/#primaryimage\"},\"image\":{\"@id\":\"https:\/\/lostinmusic.fi\/artistit\/#primaryimage\"},\"thumbnailUrl\":\"https:\/\/lostinmusic.fi\/wp-content\/uploads\/2026\/03\/aaro360-768x768.jpeg\",\"datePublished\":\"2024-08-15T13:50:26+00:00\",\"dateModified\":\"2026-03-09T07:38:10+00:00\",\"description\":\"T\u00e4n\u00e4 vuonna lavoille astelee muun muassa Edicti, Asla Jo, Goldielocks sek\u00e4 ANI. Tule mukaan ja yll\u00e4ty \u2013 hanki liput nyttso koko ohjelma!\",\"breadcrumb\":{\"@id\":\"https:\/\/lostinmusic.fi\/artistit\/#breadcrumb\"},\"inLanguage\":\"en-GB\",\"potentialAction\":[{\"@type\":\"ReadAction\",\"target\":[\"https:\/\/lostinmusic.fi\/artistit\/\"]}]},{\"@type\":\"ImageObject\",\"inLanguage\":\"en-GB\",\"@id\":\"https:\/\/lostinmusic.fi\/artistit\/#primaryimage\",\"url\":\"https:\/\/lostinmusic.fi\/wp-content\/uploads\/2026\/03\/aaro360-768x768.jpeg\",\"contentUrl\":\"https:\/\/lostinmusic.fi\/wp-content\/uploads\/2026\/03\/aaro360-768x768.jpeg\"},{\"@type\":\"BreadcrumbList\",\"@id\":\"https:\/\/lostinmusic.fi\/artistit\/#breadcrumb\",\"itemListElement\":[{\"@type\":\"ListItem\",\"position\":1,\"name\":\"Home\",\"item\":\"https:\/\/lostinmusic.fi\/\"},{\"@type\":\"ListItem\",\"position\":2,\"name\":\"Artistit 2026\"}]},{\"@type\":\"WebSite\",\"@id\":\"https:\/\/lostinmusic.fi\/#website\",\"url\":\"https:\/\/lostinmusic.fi\/\",\"name\":\"Lost In Music - Festivaali\",\"description\":\"Suomen suurin showcase-festivaali Tampereella 25.-26.9.2025.\",\"potentialAction\":[{\"@type\":\"SearchAction\",\"target\":{\"@type\":\"EntryPoint\",\"urlTemplate\":\"https:\/\/lostinmusic.fi\/?s={search_term_string}\"},\"query-input\":\"required name=search_term_string\"}],\"inLanguage\":\"en-GB\"}]}<\/script>\n<!-- \/ Yoast SEO plugin. -->","yoast_head_json":{"title":"Artistit - Lost In Music 2025","description":"T\u00e4n\u00e4 vuonna lavoille astelee muun muassa Edicti, Asla Jo, Goldielocks sek\u00e4 ANI. Tule mukaan ja yll\u00e4ty \u2013 hanki liput nyttso koko ohjelma!","robots":{"index":"index","follow":"follow","max-snippet":"max-snippet:-1","max-image-preview":"max-image-preview:large","max-video-preview":"max-video-preview:-1"},"canonical":"https:\/\/lostinmusic.fi\/en\/artistit\/","og_locale":"en_GB","og_type":"article","og_title":"Artistit - Lost In Music 2025","og_description":"T\u00e4n\u00e4 vuonna lavoille astelee muun muassa Edicti, Asla Jo, Goldielocks sek\u00e4 ANI. Tule mukaan ja yll\u00e4ty \u2013 hanki liput nyttso koko ohjelma!","og_url":"https:\/\/lostinmusic.fi\/en\/artistit\/","og_site_name":"Lost In Music - Festivaali","article_modified_time":"2026-03-09T07:38:10+00:00","og_image":[{"url":"https:\/\/lostinmusic.fi\/wp-content\/uploads\/2026\/03\/aaro360-768x768.jpeg"}],"twitter_card":"summary_large_image","twitter_misc":{"Estimated reading time":"2 minutes"},"schema":{"@context":"https:\/\/schema.org","@graph":[{"@type":"WebPage","@id":"https:\/\/lostinmusic.fi\/artistit\/","url":"https:\/\/lostinmusic.fi\/artistit\/","name":"Artistit - Lost In Music 2025","isPartOf":{"@id":"https:\/\/lostinmusic.fi\/#website"},"primaryImageOfPage":{"@id":"https:\/\/lostinmusic.fi\/artistit\/#primaryimage"},"image":{"@id":"https:\/\/lostinmusic.fi\/artistit\/#primaryimage"},"thumbnailUrl":"https:\/\/lostinmusic.fi\/wp-content\/uploads\/2026\/03\/aaro360-768x768.jpeg","datePublished":"2024-08-15T13:50:26+00:00","dateModified":"2026-03-09T07:38:10+00:00","description":"T\u00e4n\u00e4 vuonna lavoille astelee muun muassa Edicti, Asla Jo, Goldielocks sek\u00e4 ANI. Tule mukaan ja yll\u00e4ty \u2013 hanki liput nyttso koko ohjelma!","breadcrumb":{"@id":"https:\/\/lostinmusic.fi\/artistit\/#breadcrumb"},"inLanguage":"en-GB","potentialAction":[{"@type":"ReadAction","target":["https:\/\/lostinmusic.fi\/artistit\/"]}]},{"@type":"ImageObject","inLanguage":"en-GB","@id":"https:\/\/lostinmusic.fi\/artistit\/#primaryimage","url":"https:\/\/lostinmusic.fi\/wp-content\/uploads\/2026\/03\/aaro360-768x768.jpeg","contentUrl":"https:\/\/lostinmusic.fi\/wp-content\/uploads\/2026\/03\/aaro360-768x768.jpeg"},{"@type":"BreadcrumbList","@id":"https:\/\/lostinmusic.fi\/artistit\/#breadcrumb","itemListElement":[{"@type":"ListItem","position":1,"name":"Home","item":"https:\/\/lostinmusic.fi\/"},{"@type":"ListItem","position":2,"name":"Artistit 2026"}]},{"@type":"WebSite","@id":"https:\/\/lostinmusic.fi\/#website","url":"https:\/\/lostinmusic.fi\/","name":"Lost In Music - Festivaali","description":"Suomen suurin showcase-festivaali Tampereella 25.-26.9.2025.","potentialAction":[{"@type":"SearchAction","target":{"@type":"EntryPoint","urlTemplate":"https:\/\/lostinmusic.fi\/?s={search_term_string}"},"query-input":"required name=search_term_string"}],"inLanguage":"en-GB"}]}},"_links":{"self":[{"href":"https:\/\/lostinmusic.fi\/en\/wp-json\/wp\/v2\/pages\/4306"}],"collection":[{"href":"https:\/\/lostinmusic.fi\/en\/wp-json\/wp\/v2\/pages"}],"about":[{"href":"https:\/\/lostinmusic.fi\/en\/wp-json\/wp\/v2\/types\/page"}],"author":[{"embeddable":true,"href":"https:\/\/lostinmusic.fi\/en\/wp-json\/wp\/v2\/users\/22"}],"replies":[{"embeddable":true,"href":"https:\/\/lostinmusic.fi\/en\/wp-json\/wp\/v2\/comments?post=4306"}],"version-history":[{"count":165,"href":"https:\/\/lostinmusic.fi\/en\/wp-json\/wp\/v2\/pages\/4306\/revisions"}],"predecessor-version":[{"id":7428,"href":"https:\/\/lostinmusic.fi\/en\/wp-json\/wp\/v2\/pages\/4306\/revisions\/7428"}],"wp:attachment":[{"href":"https:\/\/lostinmusic.fi\/en\/wp-json\/wp\/v2\/media?parent=4306"}],"curies":[{"name":"wp","href":"https:\/\/api.w.org\/{rel}","templated":true}]}}