{"id":3807,"date":"2024-05-14T16:03:01","date_gmt":"2024-05-14T13:03:01","guid":{"rendered":"https:\/\/lostinmusic.fi\/?page_id=3807"},"modified":"2026-03-06T18:53:52","modified_gmt":"2026-03-06T16:53:52","slug":"info","status":"publish","type":"page","link":"https:\/\/lostinmusic.fi\/fi\/info\/","title":{"rendered":"Info 2026"},"content":{"rendered":"\t\t<div data-elementor-type=\"wp-page\" data-elementor-id=\"3807\" class=\"elementor elementor-3807\" data-elementor-post-type=\"page\">\n\t\t\t\t<div class=\"elementor-element elementor-element-5197ce2 e-flex e-con-boxed e-con e-parent\" data-id=\"5197ce2\" data-element_type=\"container\">\n\t\t\t\t\t<div class=\"e-con-inner\">\n\t\t\t\t<div class=\"elementor-element elementor-element-9f5c10a elementor-widget elementor-widget-heading\" data-id=\"9f5c10a\" data-element_type=\"widget\" data-widget_type=\"heading.default\">\n\t\t\t\t<div class=\"elementor-widget-container\">\n\t\t\t<style>\/*! elementor - v3.23.0 - 05-08-2024 *\/\n.elementor-heading-title{padding:0;margin:0;line-height:1}.elementor-widget-heading .elementor-heading-title[class*=elementor-size-]>a{color:inherit;font-size:inherit;line-height:inherit}.elementor-widget-heading .elementor-heading-title.elementor-size-small{font-size:15px}.elementor-widget-heading .elementor-heading-title.elementor-size-medium{font-size:19px}.elementor-widget-heading .elementor-heading-title.elementor-size-large{font-size:29px}.elementor-widget-heading .elementor-heading-title.elementor-size-xl{font-size:39px}.elementor-widget-heading .elementor-heading-title.elementor-size-xxl{font-size:59px}<\/style><h1 class=\"elementor-heading-title elementor-size-default\">Info<\/h1>\t\t<\/div>\n\t\t\t\t<\/div>\n\t\t\t\t\t<\/div>\n\t\t\t\t<\/div>\n\t\t<div class=\"elementor-element elementor-element-05ddfc1 e-flex e-con-boxed e-con e-parent\" data-id=\"05ddfc1\" data-element_type=\"container\" data-settings=\"{&quot;background_background&quot;:&quot;classic&quot;}\">\n\t\t\t\t\t<div class=\"e-con-inner\">\n\t\t\t\t<div class=\"elementor-element elementor-element-dccb1aa elementor-widget elementor-widget-text-editor\" data-id=\"dccb1aa\" data-element_type=\"widget\" data-widget_type=\"text-editor.default\">\n\t\t\t\t<div class=\"elementor-widget-container\">\n\t\t\t<style>\/*! elementor - v3.23.0 - 05-08-2024 *\/\n.elementor-widget-text-editor.elementor-drop-cap-view-stacked .elementor-drop-cap{background-color:#69727d;color:#fff}.elementor-widget-text-editor.elementor-drop-cap-view-framed .elementor-drop-cap{color:#69727d;border:3px solid;background-color:transparent}.elementor-widget-text-editor:not(.elementor-drop-cap-view-default) .elementor-drop-cap{margin-top:8px}.elementor-widget-text-editor:not(.elementor-drop-cap-view-default) .elementor-drop-cap-letter{width:1em;height:1em}.elementor-widget-text-editor .elementor-drop-cap{float:left;text-align:center;line-height:1;font-size:50px}.elementor-widget-text-editor .elementor-drop-cap-letter{display:inline-block}<\/style>\t\t\t\t<h3>LOST IN MUSIC 1.-2.10.2026<\/h3>\n<p><span style=\"font-size: 16px;\">Kaupunkifestivaali tuo kahden p\u00e4iv\u00e4n aikana ajankohtaisimmat <\/span>artistit<span style=\"font-size: 16px;\"> ja <\/span>b\u00e4ndit<span style=\"font-size: 16px;\"> Tampereen keskeisimmille klubeille ja keikkapaikoille.&nbsp;<\/span><\/p>\n<p>Lost In Music -kaupunkifestivaalia on j\u00e4rjestetty vuodesta 2007 saakka. Aikaisempina vuosina festivaaleilla on esiintynyt muun muassa supersuosion saavuttanut Kuumaa, Emma-palkintoja saanut Mirella sek\u00e4 <i>Norjalaista<\/i> <i>puuta<\/i> -kappaleestaan tunnettu Jaakko Kulta. Vuonna 2025 lavoille asteli muun muassa <b>Edicti, Asla Jo, Goldielocks sek\u00e4 ANI<\/b>.<\/p>\n<p>Lost In Music on yht\u00e4 aikaa j\u00e4rjestett\u00e4v\u00e4n musiikki-, viihde- ja tapahtuma-aloja yhteen tuovan<a href=\"http:\/\/musicmedia.fi\"> Music x Media<\/a> -tapahtuman showcase-festivaali nouseville artisteille.&nbsp;<\/p>\n<h3>LIPUT<\/h3>\n<p>Pysy kuulolla, niin kuulet ensimm\u00e4isen\u00e4 vuoden 2026 Lost In Musicin lipunmyynnist\u00e4.<\/p>\n<h3>OHJELMA<\/h3>\n<div class=\"page-content\">\n<div>Pysy kuulolla, niin kuulet ensimm\u00e4isen\u00e4 vuoden 2026 Lost In Musicin ohjelmasta.<\/div>\n<\/div>\n<h3>SAAPUMINEN, LIIKKUMINEN JA MAJOITUS<\/h3>\n<p>Lost In Musicin tapahtumapaikat sijaitsevat Tampereen keskustassa, k\u00e4velyet\u00e4isyyden p\u00e4\u00e4ss\u00e4 sek\u00e4 rautatie- ett\u00e4 linja-autoasemalta. Tapahtumapaikkojen v\u00e4list\u00e4 liikkumista nopeuttavat tarvittaessa raitiovaunu, linja-autot, kaupunkipy\u00f6r\u00e4t sek\u00e4 s\u00e4hk\u00f6potkulaudat. Lis\u00e4tietoa eri kulkuneuvoilla saapumisesta ja esimerkiksi pys\u00e4k\u00f6innist\u00e4 l\u00f6ytyy&nbsp;<a href=\"https:\/\/visittampere.fi\/saapuminen\/\">Visit Tampereen nettisivuilta<\/a>.<\/p>\n<p>Kaupungin monipuolisista majoitusvaihtoehdoista l\u00f6ytyy kattavasti tietoa&nbsp;<a href=\"https:\/\/visittampere.fi\/majoitus\/\">Visit Tampereen nettisivuilta<\/a>.<\/p>\n<p>Huomioithan Tampereella kulkiessasi raitiovaunuteiden remontista sek\u00e4 rautatieaseman korjaust\u00f6ist\u00e4 aiheutuvat muuttuvat liikennej\u00e4rjestelyt. Tarkistathan ajankohtaiset tiedot julkisen liikenteen poikkeustilanteista osoitteessa <a href=\"https:\/\/www.nysse.fi\/poikkeustilanteet.html\">https:\/\/www.nysse.fi\/poikkeustilanteet.html<\/a><\/p>\n<p>Lis\u00e4tietoja liikenteen muutoksista l\u00f6yd\u00e4t liikennetiedotteista osoitteessa&nbsp;<a href=\"https:\/\/www.nysse.fi\/ajankohtaista\/liikennetiedotteet.html\">https:\/\/www.nysse.fi\/ajankohtaista\/liikennetiedotteet.html<\/a><\/p>\n<h3>IK\u00c4RAJAT<\/h3>\n<p>Keikkojen ik\u00e4raja on p\u00e4\u00e4s\u00e4\u00e4nt\u00f6isesti kaikissa tapahtumapaikoissa 18 vuotta sek\u00e4 yleis\u00f6lle ett\u00e4 vapaaehtoisille.&nbsp;<\/p>\n<h1>VAIKUTTAJAKSI TAPAHTUMAAN?<\/h1>\n<p>Voit olla itsen\u00e4inen mikrovaikuttaja tai tavoittaa satoja tuhansia, rakastaa rentoja GRWM-videoita tai tehd\u00e4 sis\u00e4lt\u00f6\u00e4 esimerkiksi musiikki- tai kulttuurialan aiheiden parissa \u2013 jos vaikuttajayhteisty\u00f6 Lost In Musicin kanssa kiinnostaa, hae mukaan!<\/p>\n<p>Meille t\u00e4rkeit\u00e4 arvoja ovat tasa-arvo ja yhdenvertaisuus sek\u00e4 moni\u00e4\u00e4ninen musiikkiala. Festivaali haluaa n\u00e4ytt\u00e4\u00e4, miten rikas, monipuolinen ja korkeatasoinen musiikkimaailma Suomessa on \u2013 jos t\u00e4m\u00e4 on jotain, mist\u00e4 sinulla voisi olla sanottavaa, olet etsim\u00e4mme henkil\u00f6!<\/p>\n<p>Mahdollisia yhteisty\u00f6kanavia ovat sosiaalisen median kanavat, kuten Instagram, TikTok ja Youtube, sek\u00e4 blogit.<\/p>\n<p>Yhteisty\u00f6ss\u00e4 vaikuttaja saa itselleen lipun tapahtumaan. Yhteisty\u00f6h\u00f6n voi hakea vain t\u00e4ysi-ik\u00e4iset vaikuttajat.<\/p>\n<p><b>VAIKUTTAJAHAKU SYKSYN 2026 LOST IN MUSICIIN AVATAAN KES\u00c4LL\u00c4 2026. SEURAATHAN KANAVIAMME!<\/b><\/p>\n<p>Lis\u00e4tiedustelut osoitteeseen info@lostinmusic.fi<\/p>\n<h3>SAAVUTETTAVUUS<\/h3>\n<p class=\"cvGsUA direction-ltr align-center para-style-body\"><span class=\"a_GcMg font-feature-liga-off font-feature-clig-off font-feature-calt-off text-decoration-none text-strikethrough-none\">Lost In Musicin henkil\u00f6kunta on tietoinen auringonkukkanauhasta ja sen merkityksest\u00e4. Henkil\u00f6kunta tunnistaa nauhan ja tarjoaa tarvittaessa apua.<\/span><\/p>\n<p class=\"cvGsUA direction-ltr align-center para-style-body\"><span class=\"a_GcMg font-feature-liga-off font-feature-clig-off font-feature-calt-off text-decoration-none text-strikethrough-none\">Lost In Music viestii mahdollisimman selke\u00e4sti tapahtumaan liittyvist\u00e4 asioista sek\u00e4 pit\u00e4\u00e4 huolen, ett\u00e4 oikeat tiedot l\u00f6ytyv\u00e4t helposti ja ovat ajantasalla.&nbsp;<\/span><\/p>\n<p class=\"cvGsUA direction-ltr align-center para-style-body\"><span class=\"a_GcMg font-feature-liga-off font-feature-clig-off font-feature-calt-off text-decoration-none text-strikethrough-none\">Vastaamme kysymyksiin my\u00f6s s\u00e4hk\u00f6postitse<\/span><\/p>\n<p class=\"cvGsUA direction-ltr align-center para-style-body\"><span class=\"a_GcMg font-feature-liga-off font-feature-clig-off font-feature-calt-off text-decoration-none text-strikethrough-none\">info@lostinmusic.fi<\/span><\/p>\n<h3>ARVOT<\/h3>\n<p>Lost In Music on sitoutunut ehk\u00e4isem\u00e4\u00e4n syrjint\u00e4\u00e4, h\u00e4irint\u00e4\u00e4, kiusaamista ja v\u00e4kivaltaa niiden kaikissa muodoissa.<\/p>\n<p>Turvallisen, yhdenvertaisen ja saavutettavan kokemuksen lis\u00e4ksi toimintamme perustuu pyrkimykseen musiikkialan kest\u00e4v\u00e4st\u00e4 kehityksest\u00e4. Meille se tarkoittaa ilmasto- sek\u00e4 ymp\u00e4rist\u00f6yst\u00e4v\u00e4llisen konseptin ja toimintatapojen ohella alan yhdenvertaisuuden ja monimuotoisuuden edist\u00e4mist\u00e4. Toimintamme tukee paikallista musiikkialaa ja keikkakulttuuria sek\u00e4 edist\u00e4\u00e4 musiikkivienti\u00e4 niin Suomen alueiden v\u00e4lill\u00e4 kuin kansainv\u00e4lisestikin.<\/p>\n<p>Otamme organisaationa t\u00e4m\u00e4n aiheen eritt\u00e4in vakavasti ja teemme kaikkemme, ett\u00e4 edell\u00e4 mainittua k\u00e4yt\u00f6st\u00e4 ei kukaan joutuisi Lost In Musicissa kohtaamaan.<\/p>\n<p>Toivotamme jokaisen festivaalin osallistujan tervetulleeksi nauttimaan uudesta musiikista sellaisena kuin ovat. Turvallinen ja turvallisen tuntuinen festivaali tehd\u00e4\u00e4n yhdess\u00e4. <img decoding=\"async\" class=\"emoji\" role=\"img\" draggable=\"false\" src=\"https:\/\/s.w.org\/images\/core\/emoji\/15.0.3\/svg\/1f9e1.svg\" alt=\"\ud83e\udde1\"><\/p>\n<h3>YHDENVERTAISUUS<\/h3>\n<p class=\"cvGsUA direction-ltr align-center para-style-body\"><span class=\"a_GcMg font-feature-liga-off font-feature-clig-off font-feature-calt-off text-decoration-none text-strikethrough-none\">Lost In Music on sitoutunut ehk\u00e4isem\u00e4\u00e4n syrjint\u00e4\u00e4, h\u00e4irint\u00e4\u00e4, kiusaamista ja v\u00e4kivaltaa niiden kaikissa muodoissa. Turvallisemman tilan periaatteet koskevat kaikkia tapahtumaan osallistuvia tahoja.&nbsp;<\/span><\/p>\n<p class=\"cvGsUA direction-ltr align-center para-style-body\"><span class=\"a_GcMg font-feature-liga-off font-feature-clig-off font-feature-calt-off text-decoration-none text-strikethrough-none\">Mik\u00e4li kohtaat tai havaitset n\u00e4iden arvojen vastaista toimintaa, ilmoitathan asiasta viipym\u00e4tt\u00e4 j\u00e4rjestyksenvalvojalle, yhdenvertaisuus- ja h\u00e4irint\u00e4yhteyshenkil\u00f6lle tai muulle henkil\u00f6kunnalle. Yhdenvertaisuus- ja h\u00e4irint\u00e4yhteyshenkil\u00f6 tukee h\u00e4irint\u00e4tilanteiden selvitt\u00e4misess\u00e4 ja kaikki tilanteet k\u00e4sitell\u00e4\u00e4n ehdottoman luottamuksellisesti.<\/span><\/p>\n<h3>YHDENVERTAISUUS- JA H\u00c4IRINT\u00c4YHTEYSHENKIL\u00d6<\/h3>\n<p>Yhdenvertaisuus- ja h\u00e4irint\u00e4yhteyshenkil\u00f6\u00f6n voit olla yhteydess\u00e4 kaikkiin syrjint\u00e4\u00e4n, h\u00e4irint\u00e4\u00e4n ja ep\u00e4asialliseen k\u00e4yt\u00f6kseen liittyviss\u00e4 tilanteissa. Voit keskustella tapahtuneesta ja saada psykososiaalista ensiapua haastavienkin tilanteiden kohdatessa. Saat my\u00f6s ohjausta miten asian kanssa voi edet\u00e4 tapahtuneen j\u00e4lkeen.&nbsp;<\/p>\n<p>Music x Media &amp; Lost In Music -kaupunkifestivaalin yhdenvertaisuus- ja h\u00e4irint\u00e4yhteyshenkil\u00f6 on tavoitettavissa puhelimitse tapahtumap\u00e4ivin\u00e4.<\/p>\n<p><i>Kaikki ilmoitukset ja puhelut k\u00e4sittelee, sek\u00e4 niihin vastaa luottamuksella yhdenvertaisuus &#8211; ja h\u00e4irint\u00e4yhteyshenkil\u00f6mme, jolla on salassapitovelvoite. Kenell\u00e4k\u00e4\u00e4n muulla ei ole p\u00e4\u00e4sy\u00e4 tietoihin.<\/i><\/p>\n<p>Ilmoituksen mahdollisista syrjint\u00e4\u00e4n, h\u00e4irint\u00e4\u00e4n ja muuhun ep\u00e4asialliseen k\u00e4yt\u00f6kseen liittyvist\u00e4 tilanteista voi tehd\u00e4 my\u00f6s tapahtuman j\u00e4lkeen mihin vuorokauden aikaan tahansa. Yhdenvertaisuus- ja h\u00e4irint\u00e4yhteyshenkil\u00f6 vastaa sinulle mahdollisimman pian, kuitenkin saman vuorokauden aikana.&nbsp;<\/p>\n<h5>YHDENVERTAISUUS- JA H\u00c4IRINT\u00c4YHTEYSHENKIL\u00d6N YHTEYSTIEDOT<\/h5>\n<h5><strong style=\"font-size: 16px;\"><span class=\"a_GcMg font-feature-liga-off font-feature-clig-off font-feature-calt-off text-decoration-none text-strikethrough-none\">Tellervo Kraft<\/span><\/strong><\/h5>\n<p class=\"cvGsUA direction-ltr align-center para-style-body\"><span class=\"a_GcMg font-feature-liga-off font-feature-clig-off font-feature-calt-off text-decoration-none text-strikethrough-none\">+358 40 462 7667<\/span><\/p>\n<p class=\"cvGsUA direction-ltr align-center para-style-body\"><a href=\"mailto:hairintayhteyshenkilo@musicmedia.fi\"><span class=\"a_GcMg font-feature-liga-off font-feature-clig-off font-feature-calt-off text-decoration-none text-strikethrough-none\">hairintayhteyshenkilo@musicmedia.fi<\/span><\/a><\/p>\n<h3>TURVALLISEMMAN TILAN PERIAATTEET<\/h3>\n<ul>\n<li style=\"font-weight: 400;\" aria-level=\"1\">\n<p><b>Kunnioita<\/b><span style=\"font-weight: 400;\"> toisen m\u00e4\u00e4ritt\u00e4m\u00e4\u00e4 henkil\u00f6kohtaista tilaa ja itsem\u00e4\u00e4r\u00e4\u00e4misoikeutta. Et voi tiet\u00e4\u00e4 toisen rajoja kysym\u00e4tt\u00e4 niit\u00e4. \u00c4l\u00e4 koske toista kysym\u00e4tt\u00e4 lupaa ja pyyd\u00e4 tilaa tarvittaessa my\u00f6s itsellesi.&nbsp;<\/span><\/p>\n<\/li>\n<li style=\"font-weight: 400;\" aria-level=\"1\">\n<p><b>Puhu <\/b><span style=\"font-weight: 400;\">toisille ja toisista <\/span><b>arvostavasti. <\/b><span style=\"font-weight: 400;\">Eth\u00e4n itsek\u00e4\u00e4n haluaisi esimerkiksi halventamisen, nolaamisen, juoruilun tai ominaisuuksiesi arvostelun kohteeksi.<\/span><\/p>\n<\/li>\n<li style=\"font-weight: 400;\" aria-level=\"1\">\n<p><b>Pit\u00e4ydy<\/b><span style=\"font-weight: 400;\"> ulkon\u00e4k\u00f6\u00f6n ja toimintaan pohjautuvista<\/span><b> oletuksista<\/b><span style=\"font-weight: 400;\">.<\/span> <span style=\"font-weight: 400;\">T\u00e4llaisia ovat oletukset muun muassa seksuaalisuudesta, sukupuolesta, etnisyydest\u00e4, arvoista tai terveydest\u00e4.<\/span><\/p>\n<\/li>\n<li style=\"font-weight: 400;\" aria-level=\"1\">\n<p><b>Anna tilaa<\/b><span style=\"font-weight: 400;\">. Huomioi muiden mahdollisuudet olla osa keskustelua omine mielipiteineen. Arvosta my\u00f6s muiden rajoja yksityisyyden osalta ja k\u00e4sittele arkoja aiheita hell\u00e4varaisesti.&nbsp;<\/span><\/p>\n<\/li>\n<li style=\"font-weight: 400;\" aria-level=\"1\">\n<p><b>Kuuntele ja opi.<\/b><span style=\"font-weight: 400;\"> Kaikki meist\u00e4 voivat l\u00f6yt\u00e4\u00e4 uusia kiinnostuksen kohteita ja n\u00e4k\u00f6kulmia toisilta ihmisilt\u00e4. Olethan avoinna l\u00f6yt\u00e4m\u00e4\u00e4n uutta.&nbsp;<\/span><\/p>\n<\/li>\n<li style=\"font-weight: 400;\" aria-level=\"1\">\n<p><b>Pyyd\u00e4 anteeksi,<\/b><span style=\"font-weight: 400;\"> jos olet loukannut tahallisesti tai tahattomasti muita.<\/span><\/p>\n<\/li>\n<li style=\"font-weight: 400;\" aria-level=\"1\">\n<p><b>Puutu. <\/b><span style=\"font-weight: 400;\">Emme odota sankaritekoja tai halua kenenk\u00e4\u00e4n asettavan itse\u00e4\u00e4n vaaraan mutta toivomme, ett\u00e4 otat yhteytt\u00e4 h\u00e4irint\u00e4yhteyshenkil\u00f6\u00f6n, j\u00e4rjestyksenvalvojiin tai muuhun henkil\u00f6kuntaan huomatessasi periaatteiden vastaista toimintaa.<\/span><\/p>\n<\/li>\n<\/ul>\t\t\t\t\t\t<\/div>\n\t\t\t\t<\/div>\n\t\t\t\t\t<\/div>\n\t\t\t\t<\/div>\n\t\t\t\t<\/div>\n\t\t","protected":false},"excerpt":{"rendered":"<p>Info LOST IN MUSIC 1.-2.10.2026 Kaupunkifestivaali tuo kahden p\u00e4iv\u00e4n aikana ajankohtaisimmat artistit ja b\u00e4ndit Tampereen keskeisimmille klubeille ja keikkapaikoille. Lost In Music -kaupunkifestivaalia on j\u00e4rjestetty vuodesta 2007 saakka. Aikaisempina vuosina festivaaleilla on esiintynyt muun muassa supersuosion saavuttanut Kuumaa, Emma-palkintoja saanut Mirella sek\u00e4 Norjalaista puuta -kappaleestaan tunnettu Jaakko Kulta. Vuonna 2025 lavoille asteli muun muassa Edicti, [&hellip;]<\/p>\n","protected":false},"author":23,"featured_media":0,"parent":0,"menu_order":0,"comment_status":"closed","ping_status":"closed","template":"","meta":{"_acf_changed":false,"footnotes":""},"class_list":["post-3807","page","type-page","status-publish","hentry"],"acf":[],"yoast_head":"<!-- This site is optimized with the Yoast SEO plugin v23.2 - https:\/\/yoast.com\/wordpress\/plugins\/seo\/ -->\n<title>Info - Lost In Music 2025<\/title>\n<meta name=\"description\" content=\"T\u00e4n\u00e4 vuonna lavoille astelee muun muassa Edicti, Asla Jo, Goldielocks sek\u00e4 ANI. Tule mukaan ja yll\u00e4ty \u2013 hanki liput nyt.\" \/>\n<meta name=\"robots\" content=\"index, follow, max-snippet:-1, max-image-preview:large, max-video-preview:-1\" \/>\n<link rel=\"canonical\" href=\"https:\/\/lostinmusic.fi\/fi\/info\/\" \/>\n<meta property=\"og:locale\" content=\"fi_FI\" \/>\n<meta property=\"og:type\" content=\"article\" \/>\n<meta property=\"og:title\" content=\"Info - Lost In Music 2025\" \/>\n<meta property=\"og:description\" content=\"T\u00e4n\u00e4 vuonna lavoille astelee muun muassa Edicti, Asla Jo, Goldielocks sek\u00e4 ANI. Tule mukaan ja yll\u00e4ty \u2013 hanki liput nyt.\" \/>\n<meta property=\"og:url\" content=\"https:\/\/lostinmusic.fi\/fi\/info\/\" \/>\n<meta property=\"og:site_name\" content=\"Lost In Music - Festivaali\" \/>\n<meta property=\"article:modified_time\" content=\"2026-03-06T16:53:52+00:00\" \/>\n<meta property=\"og:image\" content=\"https:\/\/s.w.org\/images\/core\/emoji\/15.0.3\/svg\/1f9e1.svg\" \/>\n<meta name=\"twitter:card\" content=\"summary_large_image\" \/>\n<meta name=\"twitter:label1\" content=\"Arvioitu lukuaika\" \/>\n\t<meta name=\"twitter:data1\" content=\"4 minuuttia\" \/>\n<script type=\"application\/ld+json\" class=\"yoast-schema-graph\">{\"@context\":\"https:\/\/schema.org\",\"@graph\":[{\"@type\":\"WebPage\",\"@id\":\"https:\/\/lostinmusic.fi\/info\/\",\"url\":\"https:\/\/lostinmusic.fi\/info\/\",\"name\":\"Info - Lost In Music 2025\",\"isPartOf\":{\"@id\":\"https:\/\/lostinmusic.fi\/#website\"},\"primaryImageOfPage\":{\"@id\":\"https:\/\/lostinmusic.fi\/info\/#primaryimage\"},\"image\":{\"@id\":\"https:\/\/lostinmusic.fi\/info\/#primaryimage\"},\"thumbnailUrl\":\"https:\/\/s.w.org\/images\/core\/emoji\/15.0.3\/svg\/1f9e1.svg\",\"datePublished\":\"2024-05-14T13:03:01+00:00\",\"dateModified\":\"2026-03-06T16:53:52+00:00\",\"description\":\"T\u00e4n\u00e4 vuonna lavoille astelee muun muassa Edicti, Asla Jo, Goldielocks sek\u00e4 ANI. Tule mukaan ja yll\u00e4ty \u2013 hanki liput nyt.\",\"breadcrumb\":{\"@id\":\"https:\/\/lostinmusic.fi\/info\/#breadcrumb\"},\"inLanguage\":\"fi\",\"potentialAction\":[{\"@type\":\"ReadAction\",\"target\":[\"https:\/\/lostinmusic.fi\/info\/\"]}]},{\"@type\":\"ImageObject\",\"inLanguage\":\"fi\",\"@id\":\"https:\/\/lostinmusic.fi\/info\/#primaryimage\",\"url\":\"https:\/\/s.w.org\/images\/core\/emoji\/15.0.3\/svg\/1f9e1.svg\",\"contentUrl\":\"https:\/\/s.w.org\/images\/core\/emoji\/15.0.3\/svg\/1f9e1.svg\"},{\"@type\":\"BreadcrumbList\",\"@id\":\"https:\/\/lostinmusic.fi\/info\/#breadcrumb\",\"itemListElement\":[{\"@type\":\"ListItem\",\"position\":1,\"name\":\"Home\",\"item\":\"https:\/\/lostinmusic.fi\/\"},{\"@type\":\"ListItem\",\"position\":2,\"name\":\"Info 2026\"}]},{\"@type\":\"WebSite\",\"@id\":\"https:\/\/lostinmusic.fi\/#website\",\"url\":\"https:\/\/lostinmusic.fi\/\",\"name\":\"Lost In Music - Festivaali\",\"description\":\"Suomen suurin showcase-festivaali Tampereella 25.-26.9.2025.\",\"potentialAction\":[{\"@type\":\"SearchAction\",\"target\":{\"@type\":\"EntryPoint\",\"urlTemplate\":\"https:\/\/lostinmusic.fi\/?s={search_term_string}\"},\"query-input\":\"required name=search_term_string\"}],\"inLanguage\":\"fi\"}]}<\/script>\n<!-- \/ Yoast SEO plugin. -->","yoast_head_json":{"title":"Info - Lost In Music 2025","description":"T\u00e4n\u00e4 vuonna lavoille astelee muun muassa Edicti, Asla Jo, Goldielocks sek\u00e4 ANI. Tule mukaan ja yll\u00e4ty \u2013 hanki liput nyt.","robots":{"index":"index","follow":"follow","max-snippet":"max-snippet:-1","max-image-preview":"max-image-preview:large","max-video-preview":"max-video-preview:-1"},"canonical":"https:\/\/lostinmusic.fi\/fi\/info\/","og_locale":"fi_FI","og_type":"article","og_title":"Info - Lost In Music 2025","og_description":"T\u00e4n\u00e4 vuonna lavoille astelee muun muassa Edicti, Asla Jo, Goldielocks sek\u00e4 ANI. Tule mukaan ja yll\u00e4ty \u2013 hanki liput nyt.","og_url":"https:\/\/lostinmusic.fi\/fi\/info\/","og_site_name":"Lost In Music - Festivaali","article_modified_time":"2026-03-06T16:53:52+00:00","og_image":[{"url":"https:\/\/s.w.org\/images\/core\/emoji\/15.0.3\/svg\/1f9e1.svg"}],"twitter_card":"summary_large_image","twitter_misc":{"Arvioitu lukuaika":"4 minuuttia"},"schema":{"@context":"https:\/\/schema.org","@graph":[{"@type":"WebPage","@id":"https:\/\/lostinmusic.fi\/info\/","url":"https:\/\/lostinmusic.fi\/info\/","name":"Info - Lost In Music 2025","isPartOf":{"@id":"https:\/\/lostinmusic.fi\/#website"},"primaryImageOfPage":{"@id":"https:\/\/lostinmusic.fi\/info\/#primaryimage"},"image":{"@id":"https:\/\/lostinmusic.fi\/info\/#primaryimage"},"thumbnailUrl":"https:\/\/s.w.org\/images\/core\/emoji\/15.0.3\/svg\/1f9e1.svg","datePublished":"2024-05-14T13:03:01+00:00","dateModified":"2026-03-06T16:53:52+00:00","description":"T\u00e4n\u00e4 vuonna lavoille astelee muun muassa Edicti, Asla Jo, Goldielocks sek\u00e4 ANI. Tule mukaan ja yll\u00e4ty \u2013 hanki liput nyt.","breadcrumb":{"@id":"https:\/\/lostinmusic.fi\/info\/#breadcrumb"},"inLanguage":"fi","potentialAction":[{"@type":"ReadAction","target":["https:\/\/lostinmusic.fi\/info\/"]}]},{"@type":"ImageObject","inLanguage":"fi","@id":"https:\/\/lostinmusic.fi\/info\/#primaryimage","url":"https:\/\/s.w.org\/images\/core\/emoji\/15.0.3\/svg\/1f9e1.svg","contentUrl":"https:\/\/s.w.org\/images\/core\/emoji\/15.0.3\/svg\/1f9e1.svg"},{"@type":"BreadcrumbList","@id":"https:\/\/lostinmusic.fi\/info\/#breadcrumb","itemListElement":[{"@type":"ListItem","position":1,"name":"Home","item":"https:\/\/lostinmusic.fi\/"},{"@type":"ListItem","position":2,"name":"Info 2026"}]},{"@type":"WebSite","@id":"https:\/\/lostinmusic.fi\/#website","url":"https:\/\/lostinmusic.fi\/","name":"Lost In Music - Festivaali","description":"Suomen suurin showcase-festivaali Tampereella 25.-26.9.2025.","potentialAction":[{"@type":"SearchAction","target":{"@type":"EntryPoint","urlTemplate":"https:\/\/lostinmusic.fi\/?s={search_term_string}"},"query-input":"required name=search_term_string"}],"inLanguage":"fi"}]}},"_links":{"self":[{"href":"https:\/\/lostinmusic.fi\/fi\/wp-json\/wp\/v2\/pages\/3807"}],"collection":[{"href":"https:\/\/lostinmusic.fi\/fi\/wp-json\/wp\/v2\/pages"}],"about":[{"href":"https:\/\/lostinmusic.fi\/fi\/wp-json\/wp\/v2\/types\/page"}],"author":[{"embeddable":true,"href":"https:\/\/lostinmusic.fi\/fi\/wp-json\/wp\/v2\/users\/23"}],"replies":[{"embeddable":true,"href":"https:\/\/lostinmusic.fi\/fi\/wp-json\/wp\/v2\/comments?post=3807"}],"version-history":[{"count":205,"href":"https:\/\/lostinmusic.fi\/fi\/wp-json\/wp\/v2\/pages\/3807\/revisions"}],"predecessor-version":[{"id":7383,"href":"https:\/\/lostinmusic.fi\/fi\/wp-json\/wp\/v2\/pages\/3807\/revisions\/7383"}],"wp:attachment":[{"href":"https:\/\/lostinmusic.fi\/fi\/wp-json\/wp\/v2\/media?parent=3807"}],"curies":[{"name":"wp","href":"https:\/\/api.w.org\/{rel}","templated":true}]}}